{"id":2560,"date":"2026-01-15T12:48:52","date_gmt":"2026-01-15T11:48:52","guid":{"rendered":"https:\/\/elivelimen.webclientes.es\/hasiera\/nor-gara\/gure-instalazioak\/"},"modified":"2026-03-23T11:51:29","modified_gmt":"2026-03-23T10:51:29","slug":"gure-instalazioak","status":"publish","type":"page","link":"https:\/\/elivelimen.webclientes.es\/eu\/hasiera\/nor-gara\/gure-instalazioak\/","title":{"rendered":"Gure instalazioak"},"content":{"rendered":"<p>[et_pb_section fb_built=&#8221;1&#8243; _builder_version=&#8221;4.27.5&#8243; _module_preset=&#8221;default&#8221; background_color=&#8221;#f8f8f8&#8243; custom_padding=&#8221;0px||0px|||&#8221; hover_enabled=&#8221;0&#8243; global_colors_info=&#8221;{}&#8221; sticky_enabled=&#8221;0&#8243;][et_pb_row admin_label=&#8221;Hero&#8221; _builder_version=&#8221;4.27.5&#8243; _module_preset=&#8221;default&#8221; width=&#8221;100%&#8221; max_width=&#8221;1920px&#8221; min_height=&#8221;350.7px&#8221; custom_margin=&#8221;0px|0px|0px|0px|false|false&#8221; custom_padding=&#8221;0px|0px|0px|0px|false|false&#8221; global_colors_info=&#8221;{}&#8221;][et_pb_column type=&#8221;4_4&#8243; _builder_version=&#8221;4.27.5&#8243; _module_preset=&#8221;default&#8221; global_colors_info=&#8221;{}&#8221;][dsm_perspective_image src=&#8221;https:\/\/elivelimen.webclientes.es\/wp-content\/uploads\/2026\/01\/nuestrasinstalaciones.jpg&#8221; title_text=&#8221;nuestrasinstalaciones&#8221; force_fullwidth=&#8221;on&#8221; _builder_version=&#8221;4.27.5&#8243; _module_preset=&#8221;default&#8221; custom_margin=&#8221;0px|0px|0px|0px|false|false&#8221; custom_padding=&#8221;0px|0px|0px|0px|false|false&#8221; hover_enabled=&#8221;0&#8243; global_colors_info=&#8221;{}&#8221; sticky_enabled=&#8221;0&#8243;][\/dsm_perspective_image][\/et_pb_column][\/et_pb_row][et_pb_row admin_label=&#8221;Breadcrumb&#8221; _builder_version=&#8221;4.27.5&#8243; _module_preset=&#8221;default&#8221; width=&#8221;60%&#8221; width_tablet=&#8221;80%&#8221; width_phone=&#8221;80%&#8221; width_last_edited=&#8221;on|tablet&#8221; module_alignment=&#8221;center&#8221; custom_margin=&#8221;0px|0px|0px|0px|false|false&#8221; custom_padding=&#8221;30px|0px|30px|0px|true|false&#8221; global_colors_info=&#8221;{}&#8221;][et_pb_column type=&#8221;4_4&#8243; _builder_version=&#8221;4.27.5&#8243; _module_preset=&#8221;default&#8221; global_colors_info=&#8221;{}&#8221;][et_pb_code admin_label=&#8221;Kodea&#8221; _builder_version=&#8221;4.27.5&#8243; _module_preset=&#8221;default&#8221; module_alignment=&#8221;left&#8221; custom_margin=&#8221;0px|0px|0px|0px|false|false&#8221; custom_padding=&#8221;0px|0px|0px|0px|false|false&#8221; global_colors_info=&#8221;{}&#8221;]<nav id=\"breadcrumbs\"><\/nav>[\/et_pb_code][\/et_pb_column][\/et_pb_row][et_pb_row admin_label=&#8221;H1&#8243; _builder_version=&#8221;4.27.5&#8243; _module_preset=&#8221;default&#8221; width=&#8221;100%&#8221; max_width=&#8221;1920px&#8221; custom_margin=&#8221;0px|0px|0px|0px|false|false&#8221; custom_padding=&#8221;0px|0px|0px|0px|false|false&#8221; global_colors_info=&#8221;{}&#8221;][et_pb_column type=&#8221;4_4&#8243; _builder_version=&#8221;4.27.5&#8243; _module_preset=&#8221;default&#8221; global_colors_info=&#8221;{}&#8221;][et_pb_code _builder_version=&#8221;4.27.5&#8243; _module_preset=&#8221;default&#8221; text_orientation=&#8221;center&#8221; module_alignment=&#8221;center&#8221; custom_margin=&#8221;0px|0px|0px|0px|false|false&#8221; custom_padding=&#8221;0px|0px|0px|0px|false|false&#8221; global_colors_info=&#8221;{}&#8221;][\/et_pb_code][\/et_pb_column][\/et_pb_row][\/et_pb_section][et_pb_section fb_built=&#8221;1&#8243; _builder_version=&#8221;4.27.5&#8243; _module_preset=&#8221;default&#8221; background_color=&#8221;#f8f8f8&#8243; custom_margin=&#8221;0px|0px|0px|0px|false|false&#8221; custom_padding=&#8221;0px|0px|0px|0px|false|false&#8221; global_colors_info=&#8221;{}&#8221;][et_pb_row admin_label=&#8221;testua 2 zutabetan&#8221; _builder_version=&#8221;4.27.5&#8243; _module_preset=&#8221;default&#8221; width=&#8221;60%&#8221; width_tablet=&#8221;60%&#8221; width_phone=&#8221;90%&#8221; width_last_edited=&#8221;on|phone&#8221; max_width=&#8221;1920px&#8221; global_colors_info=&#8221;{}&#8221;][et_pb_column type=&#8221;4_4&#8243; _builder_version=&#8221;4.27.5&#8243; _module_preset=&#8221;default&#8221; global_colors_info=&#8221;{}&#8221;][et_pb_text module_class=&#8221;texto-dos-columnas&#8221; _builder_version=&#8221;4.27.5&#8243; _module_preset=&#8221;default&#8221; global_colors_info=&#8221;{}&#8221;]<\/p>\n<div class=\"col-xs-12 col-sm-6\">\n<p><strong>eliveli men-en<\/strong> instalazio espezializatuak ditugu, gaur egungoak, gizonezkoentzako estetikan eta ile-apainketan jarduteko ezin hobeak.<\/p>\n<p><strong><\/strong><\/p>\n<p><strong><\/strong><\/p>\n<\/div>\n<div class=\"col-xs-12 col-sm-6 \">\n<p>Badugu, halaber, <strong>gizonezkoentzako ile-apainketan, estetikan, bizar-moztean eta laser-depilazioan aditua den talde bat.<\/strong><\/p>\n<p>Gure ile-apaindegia <span> <\/span><strong>Gros auzoan<\/strong> dago, <strong>Donostiako<\/strong> bihotzean.<\/p>\n<\/div>\n<p>[\/et_pb_text][\/et_pb_column][\/et_pb_row][et_pb_row column_structure=&#8221;1_4,1_4,1_4,1_4&#8243; use_custom_gutter=&#8221;on&#8221; gutter_width=&#8221;1&#8243; module_class=&#8221;fila-imagenes &#8221; _builder_version=&#8221;4.27.5&#8243; _module_preset=&#8221;default&#8221; width=&#8221;100%&#8221; max_width=&#8221;1920px&#8221; custom_margin=&#8221;0px|0px|0px|0px|false|false&#8221; custom_padding=&#8221;0px|0px|0px|0px|false|false&#8221; global_colors_info=&#8221;{}&#8221;][et_pb_column type=&#8221;1_4&#8243; _builder_version=&#8221;4.27.5&#8243; _module_preset=&#8221;default&#8221; global_colors_info=&#8221;{}&#8221;][et_pb_image src=&#8221;https:\/\/elivelimen.webclientes.es\/wp-content\/uploads\/2026\/01\/instalaciones_01.png&#8221; alt=&#8221;Instalazioak&#8221; title_text=&#8221;instalazioak_01&#8243; align=&#8221;center&#8221; force_fullwidth=&#8221;on&#8221; module_class=&#8221;imagen-full&#8221; _builder_version=&#8221;4.27.5&#8243; _module_preset=&#8221;default&#8221; module_alignment=&#8221;center&#8221; custom_margin=&#8221;0px|0px|0px|0px|false|false&#8221; custom_padding=&#8221;0px|0px|0px|0px|false|false&#8221; global_colors_info=&#8221;{}&#8221;][\/et_pb_image][\/et_pb_column][et_pb_column type=&#8221;1_4&#8243; _builder_version=&#8221;4.27.5&#8243; _module_preset=&#8221;default&#8221; background_image=&#8221;https:\/\/elivelimen.webclientes.es\/wp-content\/uploads\/2026\/01\/instalaciones_02.png&#8221; global_colors_info=&#8221;{}&#8221;][et_pb_image src=&#8221;https:\/\/elivelimen.webclientes.es\/wp-content\/uploads\/2026\/01\/instalaciones_02.png&#8221; alt=&#8221;Instalazioak&#8221; title_text=&#8221;instalazioak_02&#8243; align=&#8221;center&#8221; force_fullwidth=&#8221;on&#8221; module_class=&#8221;imagen-full&#8221; _builder_version=&#8221;4.27.5&#8243; _module_preset=&#8221;default&#8221; module_alignment=&#8221;center&#8221; custom_margin=&#8221;0px|0px|0px|0px|false|false&#8221; custom_padding=&#8221;0px|0px|0px|0px|false|false&#8221; global_colors_info=&#8221;{}&#8221;][\/et_pb_image][\/et_pb_column][et_pb_column type=&#8221;1_4&#8243; _builder_version=&#8221;4.27.5&#8243; _module_preset=&#8221;default&#8221; global_colors_info=&#8221;{}&#8221;][et_pb_image src=&#8221;https:\/\/elivelimen.webclientes.es\/wp-content\/uploads\/2026\/01\/instalaciones_03.png&#8221; alt=&#8221;Instalazioak&#8221; title_text=&#8221;instalazioak_03&#8243; module_class=&#8221;fila-imagenes&#8221; _builder_version=&#8221;4.27.5&#8243; _module_preset=&#8221;default&#8221; custom_margin=&#8221;0px|0px|0px|0px|false|false&#8221; custom_padding=&#8221;0px|0px|0px|0px|false|false&#8221; global_colors_info=&#8221;{}&#8221;][\/et_pb_image][\/et_pb_column][et_pb_column type=&#8221;1_4&#8243; _builder_version=&#8221;4.27.5&#8243; _module_preset=&#8221;default&#8221; global_colors_info=&#8221;{}&#8221;][et_pb_image src=&#8221;https:\/\/elivelimen.webclientes.es\/wp-content\/uploads\/2026\/01\/instalaciones_04.png&#8221; alt=&#8221;Instalazioak&#8221; title_text=&#8221;instalazioak_04&#8243; force_fullwidth=&#8221;on&#8221; module_class=&#8221;imagen-full&#8221; _builder_version=&#8221;4.27.5&#8243; _module_preset=&#8221;default&#8221; custom_margin=&#8221;0px|0px|0px|0px|false|false&#8221; custom_padding=&#8221;0px|0px|0px|0px|false|false&#8221; global_colors_info=&#8221;{}&#8221;][\/et_pb_image][\/et_pb_column][\/et_pb_row][\/et_pb_section]<\/p>\n","protected":false},"excerpt":{"rendered":"<p><div class=\"et_pb_module dsm_perspective_image dsm_perspective_image_0\">\n\t\t\t\t\n\t\t\t\t\n\t\t\t\t\n\t\t\t\t\n\t\t\t\t\n\t\t\t\t\n\t\t\t\t<div class=\"et_pb_module_inner\">\n\t\t\t\t\t<div class=\"dsm-perspective-image-wrapper et_always_center_on_mobile\">\n\t\t\t\t\n\t\t\t\t\n\t\t\t\t<span class=\"et_pb_image_wrap \"><img decoding=\"async\" src=\"https:\/\/elivelimen.webclientes.es\/wp-content\/uploads\/2026\/01\/nuestrasinstalaciones.jpg\" alt=\"\" title=\"nuestrasinstalaciones\" \/><\/span>\n\t\t\t<\/div>\n\t\t\t\t<\/div>\n\t\t\t<\/div><nav id=\"breadcrumbs\"><\/nav> eliveli men-en instalazio espezializatuak ditugu, gaur egungoak, gizonezkoentzako estetikan eta ile-apainketan jarduteko ezin hobeak. Badugu, halaber, gizonezkoentzako ile-apainketan, estetikan, bizar-moztean eta laser-depilazioan aditua den talde bat. Gure ile-apaindegia Gros auzoan dago, Donostiako bihotzean.<\/p>\n","protected":false},"author":1,"featured_media":2552,"parent":2553,"menu_order":0,"comment_status":"closed","ping_status":"closed","template":"","meta":{"_acf_changed":false,"_et_pb_use_builder":"on","_et_pb_old_content":"","_et_gb_content_width":"","footnotes":""},"class_list":["post-2560","page","type-page","status-publish","has-post-thumbnail","hentry"],"acf":[],"yoast_head":"<!-- This site is optimized with the Yoast SEO plugin v27.2 - https:\/\/yoast.com\/product\/yoast-seo-wordpress\/ -->\n<title>Gure instalazioak - Peluquer\u00eda de caballeros en Donostia San Sebasti\u00e1n<\/title>\n<meta name=\"robots\" content=\"noindex, follow, max-snippet:-1, max-image-preview:large, max-video-preview:-1\" \/>\n<meta property=\"og:locale\" content=\"en_US\" \/>\n<meta property=\"og:type\" content=\"article\" \/>\n<meta property=\"og:title\" content=\"Gure instalazioak - Peluquer\u00eda de caballeros en Donostia San Sebasti\u00e1n\" \/>\n<meta property=\"og:description\" content=\"eliveli men-en instalazio espezializatuak ditugu, gaur egungoak, gizonezkoentzako estetikan eta ile-apainketan jarduteko ezin hobeak. Badugu, halaber, gizonezkoentzako ile-apainketan, estetikan, bizar-moztean eta laser-depilazioan aditua den talde bat. Gure ile-apaindegia Gros auzoan dago, Donostiako bihotzean.\" \/>\n<meta property=\"og:url\" content=\"https:\/\/elivelimen.webclientes.es\/eu\/hasiera\/nor-gara\/gure-instalazioak\/\" \/>\n<meta property=\"og:site_name\" content=\"Peluquer\u00eda de caballeros en Donostia San Sebasti\u00e1n\" \/>\n<meta property=\"article:modified_time\" content=\"2026-03-23T10:51:29+00:00\" \/>\n<meta property=\"og:image\" content=\"https:\/\/elivelimen.webclientes.es\/wp-content\/uploads\/2026\/01\/imgi_3_quienessomoselivelimen.jpg\" \/>\n\t<meta property=\"og:image:width\" content=\"1920\" \/>\n\t<meta property=\"og:image:height\" content=\"450\" \/>\n\t<meta property=\"og:image:type\" content=\"image\/jpeg\" \/>\n<meta name=\"twitter:card\" content=\"summary_large_image\" \/>\n<meta name=\"twitter:label1\" content=\"Est. reading time\" \/>\n\t<meta name=\"twitter:data1\" content=\"4 minutua\" \/>\n<script type=\"application\/ld+json\" class=\"yoast-schema-graph\">{\"@context\":\"https:\/\/schema.org\",\"@graph\":[{\"@type\":\"WebPage\",\"@id\":\"https:\/\/elivelimen.webclientes.es\/eu\/hasiera\/nor-gara\/gure-instalazioak\/\",\"url\":\"https:\/\/elivelimen.webclientes.es\/eu\/hasiera\/nor-gara\/gure-instalazioak\/\",\"name\":\"Gure instalazioak - Peluquer\u00eda de caballeros en Donostia San Sebasti\u00e1n\",\"isPartOf\":{\"@id\":\"https:\/\/elivelimen.webclientes.es\/#website\"},\"primaryImageOfPage\":{\"@id\":\"https:\/\/elivelimen.webclientes.es\/eu\/hasiera\/nor-gara\/gure-instalazioak\/#primaryimage\"},\"image\":{\"@id\":\"https:\/\/elivelimen.webclientes.es\/eu\/hasiera\/nor-gara\/gure-instalazioak\/#primaryimage\"},\"thumbnailUrl\":\"https:\/\/elivelimen.webclientes.es\/wp-content\/uploads\/2026\/01\/imgi_3_quienessomoselivelimen.jpg\",\"datePublished\":\"2026-01-15T11:48:52+00:00\",\"dateModified\":\"2026-03-23T10:51:29+00:00\",\"breadcrumb\":{\"@id\":\"https:\/\/elivelimen.webclientes.es\/eu\/hasiera\/nor-gara\/gure-instalazioak\/#breadcrumb\"},\"inLanguage\":\"eu\",\"potentialAction\":[{\"@type\":\"ReadAction\",\"target\":[\"https:\/\/elivelimen.webclientes.es\/eu\/hasiera\/nor-gara\/gure-instalazioak\/\"]}]},{\"@type\":\"ImageObject\",\"inLanguage\":\"eu\",\"@id\":\"https:\/\/elivelimen.webclientes.es\/eu\/hasiera\/nor-gara\/gure-instalazioak\/#primaryimage\",\"url\":\"https:\/\/elivelimen.webclientes.es\/wp-content\/uploads\/2026\/01\/imgi_3_quienessomoselivelimen.jpg\",\"contentUrl\":\"https:\/\/elivelimen.webclientes.es\/wp-content\/uploads\/2026\/01\/imgi_3_quienessomoselivelimen.jpg\",\"width\":1920,\"height\":450,\"caption\":\"eliveli men\"},{\"@type\":\"BreadcrumbList\",\"@id\":\"https:\/\/elivelimen.webclientes.es\/eu\/hasiera\/nor-gara\/gure-instalazioak\/#breadcrumb\",\"itemListElement\":[{\"@type\":\"ListItem\",\"position\":1,\"name\":\"Hasiera\",\"item\":\"https:\/\/elivelimen.webclientes.es\/eu\/hasiera\/\"},{\"@type\":\"ListItem\",\"position\":2,\"name\":\"Nor gara\",\"item\":\"https:\/\/elivelimen.webclientes.es\/eu\/hasiera\/nor-gara\/\"},{\"@type\":\"ListItem\",\"position\":3,\"name\":\"Gure instalazioak\"}]},{\"@type\":\"WebSite\",\"@id\":\"https:\/\/elivelimen.webclientes.es\/#website\",\"url\":\"https:\/\/elivelimen.webclientes.es\/\",\"name\":\"Peluquer\u00eda de caballeros en Donostia San Sebasti\u00e1n\",\"description\":\"Peluquer\u00eda y est\u00e9tica para hombres. Peluqueros de caballeros. Afeitado cl\u00e1sico en el barrio de Gros San Sebasti\u00e1n\",\"alternateName\":\"eliveli barber\",\"potentialAction\":[{\"@type\":\"SearchAction\",\"target\":{\"@type\":\"EntryPoint\",\"urlTemplate\":\"https:\/\/elivelimen.webclientes.es\/?s={search_term_string}\"},\"query-input\":{\"@type\":\"PropertyValueSpecification\",\"valueRequired\":true,\"valueName\":\"search_term_string\"}}],\"inLanguage\":\"eu\"}]}<\/script>\n<!-- \/ Yoast SEO plugin. -->","yoast_head_json":{"title":"Gure instalazioak - Peluquer\u00eda de caballeros en Donostia San Sebasti\u00e1n","robots":{"index":"noindex","follow":"follow","max-snippet":"max-snippet:-1","max-image-preview":"max-image-preview:large","max-video-preview":"max-video-preview:-1"},"og_locale":"en_US","og_type":"article","og_title":"Gure instalazioak - Peluquer\u00eda de caballeros en Donostia San Sebasti\u00e1n","og_description":"eliveli men-en instalazio espezializatuak ditugu, gaur egungoak, gizonezkoentzako estetikan eta ile-apainketan jarduteko ezin hobeak. Badugu, halaber, gizonezkoentzako ile-apainketan, estetikan, bizar-moztean eta laser-depilazioan aditua den talde bat. Gure ile-apaindegia Gros auzoan dago, Donostiako bihotzean.","og_url":"https:\/\/elivelimen.webclientes.es\/eu\/hasiera\/nor-gara\/gure-instalazioak\/","og_site_name":"Peluquer\u00eda de caballeros en Donostia San Sebasti\u00e1n","article_modified_time":"2026-03-23T10:51:29+00:00","og_image":[{"width":1920,"height":450,"url":"https:\/\/elivelimen.webclientes.es\/wp-content\/uploads\/2026\/01\/imgi_3_quienessomoselivelimen.jpg","type":"image\/jpeg"}],"twitter_card":"summary_large_image","twitter_misc":{"Est. reading time":"4 minutua"},"schema":{"@context":"https:\/\/schema.org","@graph":[{"@type":"WebPage","@id":"https:\/\/elivelimen.webclientes.es\/eu\/hasiera\/nor-gara\/gure-instalazioak\/","url":"https:\/\/elivelimen.webclientes.es\/eu\/hasiera\/nor-gara\/gure-instalazioak\/","name":"Gure instalazioak - Peluquer\u00eda de caballeros en Donostia San Sebasti\u00e1n","isPartOf":{"@id":"https:\/\/elivelimen.webclientes.es\/#website"},"primaryImageOfPage":{"@id":"https:\/\/elivelimen.webclientes.es\/eu\/hasiera\/nor-gara\/gure-instalazioak\/#primaryimage"},"image":{"@id":"https:\/\/elivelimen.webclientes.es\/eu\/hasiera\/nor-gara\/gure-instalazioak\/#primaryimage"},"thumbnailUrl":"https:\/\/elivelimen.webclientes.es\/wp-content\/uploads\/2026\/01\/imgi_3_quienessomoselivelimen.jpg","datePublished":"2026-01-15T11:48:52+00:00","dateModified":"2026-03-23T10:51:29+00:00","breadcrumb":{"@id":"https:\/\/elivelimen.webclientes.es\/eu\/hasiera\/nor-gara\/gure-instalazioak\/#breadcrumb"},"inLanguage":"eu","potentialAction":[{"@type":"ReadAction","target":["https:\/\/elivelimen.webclientes.es\/eu\/hasiera\/nor-gara\/gure-instalazioak\/"]}]},{"@type":"ImageObject","inLanguage":"eu","@id":"https:\/\/elivelimen.webclientes.es\/eu\/hasiera\/nor-gara\/gure-instalazioak\/#primaryimage","url":"https:\/\/elivelimen.webclientes.es\/wp-content\/uploads\/2026\/01\/imgi_3_quienessomoselivelimen.jpg","contentUrl":"https:\/\/elivelimen.webclientes.es\/wp-content\/uploads\/2026\/01\/imgi_3_quienessomoselivelimen.jpg","width":1920,"height":450,"caption":"eliveli men"},{"@type":"BreadcrumbList","@id":"https:\/\/elivelimen.webclientes.es\/eu\/hasiera\/nor-gara\/gure-instalazioak\/#breadcrumb","itemListElement":[{"@type":"ListItem","position":1,"name":"Hasiera","item":"https:\/\/elivelimen.webclientes.es\/eu\/hasiera\/"},{"@type":"ListItem","position":2,"name":"Nor gara","item":"https:\/\/elivelimen.webclientes.es\/eu\/hasiera\/nor-gara\/"},{"@type":"ListItem","position":3,"name":"Gure instalazioak"}]},{"@type":"WebSite","@id":"https:\/\/elivelimen.webclientes.es\/#website","url":"https:\/\/elivelimen.webclientes.es\/","name":"Peluquer\u00eda de caballeros en Donostia San Sebasti\u00e1n","description":"Peluquer\u00eda y est\u00e9tica para hombres. Peluqueros de caballeros. Afeitado cl\u00e1sico en el barrio de Gros San Sebasti\u00e1n","alternateName":"eliveli barber","potentialAction":[{"@type":"SearchAction","target":{"@type":"EntryPoint","urlTemplate":"https:\/\/elivelimen.webclientes.es\/?s={search_term_string}"},"query-input":{"@type":"PropertyValueSpecification","valueRequired":true,"valueName":"search_term_string"}}],"inLanguage":"eu"}]}},"_links":{"self":[{"href":"https:\/\/elivelimen.webclientes.es\/eu\/wp-json\/wp\/v2\/pages\/2560","targetHints":{"allow":["GET"]}}],"collection":[{"href":"https:\/\/elivelimen.webclientes.es\/eu\/wp-json\/wp\/v2\/pages"}],"about":[{"href":"https:\/\/elivelimen.webclientes.es\/eu\/wp-json\/wp\/v2\/types\/page"}],"author":[{"embeddable":true,"href":"https:\/\/elivelimen.webclientes.es\/eu\/wp-json\/wp\/v2\/users\/1"}],"replies":[{"embeddable":true,"href":"https:\/\/elivelimen.webclientes.es\/eu\/wp-json\/wp\/v2\/comments?post=2560"}],"version-history":[{"count":2,"href":"https:\/\/elivelimen.webclientes.es\/eu\/wp-json\/wp\/v2\/pages\/2560\/revisions"}],"predecessor-version":[{"id":2563,"href":"https:\/\/elivelimen.webclientes.es\/eu\/wp-json\/wp\/v2\/pages\/2560\/revisions\/2563"}],"up":[{"embeddable":true,"href":"https:\/\/elivelimen.webclientes.es\/eu\/wp-json\/wp\/v2\/pages\/2553"}],"wp:featuredmedia":[{"embeddable":true,"href":"https:\/\/elivelimen.webclientes.es\/eu\/wp-json\/wp\/v2\/media\/2552"}],"wp:attachment":[{"href":"https:\/\/elivelimen.webclientes.es\/eu\/wp-json\/wp\/v2\/media?parent=2560"}],"curies":[{"name":"wp","href":"https:\/\/api.w.org\/{rel}","templated":true}]}}