{"id":2606,"date":"2026-01-15T10:29:09","date_gmt":"2026-01-15T09:29:09","guid":{"rendered":"https:\/\/elivelimen.webclientes.es\/hasiera\/gure-jarduna\/"},"modified":"2026-03-23T13:05:59","modified_gmt":"2026-03-23T12:05:59","slug":"gure-jarduna","status":"publish","type":"page","link":"https:\/\/elivelimen.webclientes.es\/eu\/hasiera\/gure-jarduna\/","title":{"rendered":"Gure jarduna"},"content":{"rendered":"<p>[et_pb_section fb_built=&#8221;1&#8243; _builder_version=&#8221;4.27.5&#8243; _module_preset=&#8221;default&#8221; custom_margin=&#8221;0px|0px|0px|0px|false|false&#8221; custom_padding=&#8221;0px|0px|0px|0px|false|false&#8221; global_colors_info=&#8221;{}&#8221;][et_pb_row admin_label=&#8221;Hero&#8221; _builder_version=&#8221;4.27.5&#8243; _module_preset=&#8221;default&#8221; width=&#8221;100%&#8221; max_width=&#8221;1920px&#8221; min_height=&#8221;350.7px&#8221; custom_margin=&#8221;0px|0px|0px|0px|false|false&#8221; custom_padding=&#8221;0px|0px|0px|0px|false|false&#8221; global_colors_info=&#8221;{}&#8221;][et_pb_column type=&#8221;4_4&#8243; _builder_version=&#8221;4.27.5&#8243; _module_preset=&#8221;default&#8221; global_colors_info=&#8221;{}&#8221;][dsm_perspective_image src=&#8221;@ET-DC@eyJkeW5hbWljIjp0cnVlLCJjb250ZW50IjoicG9zdF9mZWF0dXJlZF9pbWFnZSIsInNldHRpbmdzIjpbXX0=@&#8221; title_text=&#8221;nuestrasinstalaciones&#8221; force_fullwidth=&#8221;on&#8221; _builder_version=&#8221;4.27.5&#8243; _dynamic_attributes=&#8221;src&#8221; _module_preset=&#8221;default&#8221; custom_margin=&#8221;0px|0px|0px|0px|false|false&#8221; custom_padding=&#8221;0px|0px|0px|0px|false|false&#8221; global_colors_info=&#8221;{}&#8221;][\/dsm_perspective_image][\/et_pb_column][\/et_pb_row][et_pb_row admin_label=&#8221;Breadcrumb&#8221; _builder_version=&#8221;4.27.5&#8243; _module_preset=&#8221;default&#8221; width=&#8221;60%&#8221; width_tablet=&#8221;80%&#8221; width_phone=&#8221;80%&#8221; width_last_edited=&#8221;on|tablet&#8221; module_alignment=&#8221;center&#8221; custom_margin=&#8221;0px|0px|0px|0px|false|false&#8221; custom_padding=&#8221;30px|0px|30px|0px|true|false&#8221; global_colors_info=&#8221;{}&#8221;][et_pb_column type=&#8221;4_4&#8243; _builder_version=&#8221;4.27.5&#8243; _module_preset=&#8221;default&#8221; global_colors_info=&#8221;{}&#8221;][et_pb_code _builder_version=&#8221;4.27.5&#8243; _module_preset=&#8221;default&#8221; text_orientation=&#8221;left&#8221; module_alignment=&#8221;left&#8221; custom_margin=&#8221;0px|0px|0px|0px|false|false&#8221; custom_padding=&#8221;0px|0px|0px|0px|false|false&#8221; global_colors_info=&#8221;{}&#8221;]<nav id=\"breadcrumbs\"><\/nav>[\/et_pb_code][\/et_pb_column][\/et_pb_row][et_pb_row admin_label=&#8221;H1&#8243; _builder_version=&#8221;4.27.5&#8243; _module_preset=&#8221;default&#8221; width=&#8221;60%&#8221; width_tablet=&#8221;80%&#8221; width_phone=&#8221;80%&#8221; width_last_edited=&#8221;on|tablet&#8221; custom_padding=&#8221;0px||||false|false&#8221; global_colors_info=&#8221;{}&#8221;][et_pb_column type=&#8221;4_4&#8243; _builder_version=&#8221;4.27.5&#8243; _module_preset=&#8221;default&#8221; global_colors_info=&#8221;{}&#8221;][et_pb_code _builder_version=&#8221;4.27.5&#8243; _module_preset=&#8221;default&#8221; text_orientation=&#8221;center&#8221; module_alignment=&#8221;center&#8221; custom_margin=&#8221;0px|0px|0px|0px|false|false&#8221; custom_padding=&#8221;0px|0px|0px|0px|false|false&#8221; custom_css_free_form=&#8221;.texto-dos-columnas {||  column-count: 2;||  column-gap: 40px;||}||&#8221; global_colors_info=&#8221;{}&#8221;][\/et_pb_code][et_pb_text _builder_version=&#8221;4.27.5&#8243; _module_preset=&#8221;default&#8221; custom_padding=&#8221;30px||||false|false&#8221; custom_css_free_form=&#8221;||&#8221; global_colors_info=&#8221;{}&#8221;]<\/p>\n<div class=\"col-xs-12 col-sm-6\">\n<p>Badakigu pertsona bakoitza ezberdina dela, horregatik gure bezero bakoitzari estetika eta ile-apainketa arloan aholkularitza pertsonalizatua eskaintzen diogu.<\/p>\n<p>Teknika berritzaileenak eta egungo produkturik onenak erabiltzen ditugu gizonezkoentzako ile-apainketa eta estetikarako.<\/p>\n<\/div>\n<p>[\/et_pb_text][\/et_pb_column][\/et_pb_row][et_pb_row column_structure=&#8221;1_5,1_5,1_5,1_5,1_5&#8243; _builder_version=&#8221;4.27.5&#8243; _module_preset=&#8221;default&#8221; hover_enabled=&#8221;0&#8243; global_colors_info=&#8221;{}&#8221; sticky_enabled=&#8221;0&#8243;][et_pb_column type=&#8221;1_5&#8243; _builder_version=&#8221;4.27.5&#8243; _module_preset=&#8221;default&#8221; link_option_url=&#8221;@ET-DC@eyJkeW5hbWljIjp0cnVlLCJjb250ZW50IjoicG9zdF9saW5rX3VybF9wYWdlIiwic2V0dGluZ3MiOnsicG9zdF9pZCI6IjE4MyJ9fQ==@&#8221; hover_enabled=&#8221;0&#8243; global_colors_info=&#8221;{}&#8221; sticky_enabled=&#8221;0&#8243; _dynamic_attributes=&#8221;link_option_url&#8221;][et_pb_image src=&#8221;https:\/\/elivelimen.webclientes.es\/wp-content\/uploads\/2026\/01\/peluqueriaelivelimen_2-1-1.jpg&#8221; alt=&#8221;Eliveli men ile-apaindegia&#8221; title_text=&#8221;peluqueriaelivelimen&#8221; align=&#8221;center&#8221; _builder_version=&#8221;4.27.5&#8243; _module_preset=&#8221;default&#8221; hover_enabled=&#8221;0&#8243; border_radii=&#8221;on|1394px|1394px|1394px|1394px&#8221; border_width_all=&#8221;1px&#8221; border_color_all=&#8221;#223747&#8243; global_colors_info=&#8221;{}&#8221; sticky_enabled=&#8221;0&#8243;][\/et_pb_image][et_pb_text _builder_version=&#8221;4.27.5&#8243; _module_preset=&#8221;default&#8221; hover_enabled=&#8221;0&#8243; global_colors_info=&#8221;{}&#8221; sticky_enabled=&#8221;0&#8243;]<\/p>\n<p style=\"text-align: center;\"><span style=\"font-size: 24px; font-weight: bold; color: #738593;\">Ileapaindegia<\/span><\/p>\n<p>[\/et_pb_text][\/et_pb_column][et_pb_column type=&#8221;1_5&#8243; _builder_version=&#8221;4.27.5&#8243; _module_preset=&#8221;default&#8221; link_option_url=&#8221;@ET-DC@eyJkeW5hbWljIjp0cnVlLCJjb250ZW50IjoicG9zdF9saW5rX3VybF9wYWdlIiwic2V0dGluZ3MiOnsicG9zdF9pZCI6IjE4NSJ9fQ==@&#8221; hover_enabled=&#8221;0&#8243; global_colors_info=&#8221;{}&#8221; sticky_enabled=&#8221;0&#8243; _dynamic_attributes=&#8221;link_option_url&#8221;][et_pb_image src=&#8221;https:\/\/elivelimen.webclientes.es\/wp-content\/uploads\/2026\/01\/imgi_5_nuestrafilosofia.jpg&#8221; title_text=&#8221;imgi_5_nuestrafilosofia&#8221; align=&#8221;center&#8221; _builder_version=&#8221;4.27.5&#8243; _module_preset=&#8221;default&#8221; hover_enabled=&#8221;0&#8243; border_radii=&#8221;on|1394px|1394px|1394px|1394px&#8221; border_width_all=&#8221;1px&#8221; border_color_all=&#8221;#223747&#8243; global_colors_info=&#8221;{}&#8221; sticky_enabled=&#8221;0&#8243;][\/et_pb_image][et_pb_text _builder_version=&#8221;4.27.5&#8243; _module_preset=&#8221;default&#8221; hover_enabled=&#8221;0&#8243; global_colors_info=&#8221;{}&#8221; sticky_enabled=&#8221;0&#8243;]<\/p>\n<p style=\"text-align: center;\"><span style=\"font-size: 24px; font-weight: bold; color: #738593;\">Estetika<\/span><\/p>\n<p>[\/et_pb_text][\/et_pb_column][et_pb_column type=&#8221;1_5&#8243; _builder_version=&#8221;4.27.5&#8243; _module_preset=&#8221;default&#8221; link_option_url=&#8221;@ET-DC@eyJkeW5hbWljIjp0cnVlLCJjb250ZW50IjoicG9zdF9saW5rX3VybF9wYWdlIiwic2V0dGluZ3MiOnsicG9zdF9pZCI6IjE4NyJ9fQ==@&#8221; hover_enabled=&#8221;0&#8243; global_colors_info=&#8221;{}&#8221; _dynamic_attributes=&#8221;link_option_url&#8221; sticky_enabled=&#8221;0&#8243;][et_pb_image src=&#8221;https:\/\/elivelimen.webclientes.es\/wp-content\/uploads\/2026\/01\/indibaelivelimen-1.jpg&#8221; alt=&#8221;INDIBA&#8221; title_text=&#8221;indib aeliveli men&#8221; align=&#8221;center&#8221; _builder_version=&#8221;4.27.5&#8243; _module_preset=&#8221;default&#8221; border_radii=&#8221;on|1394px|1394px|1394px|1394px&#8221; border_width_all=&#8221;1px&#8221; border_color_all=&#8221;#223747&#8243; global_colors_info=&#8221;{}&#8221;][\/et_pb_image][et_pb_text _builder_version=&#8221;4.27.5&#8243; _module_preset=&#8221;default&#8221; global_colors_info=&#8221;{}&#8221;]<\/p>\n<p style=\"text-align: center;\"><span style=\"font-size: 24px; font-weight: bold; color: #738593;\">INDIBA<\/span><\/p>\n<p>[\/et_pb_text][\/et_pb_column][et_pb_column type=&#8221;1_5&#8243; _builder_version=&#8221;4.27.5&#8243; _module_preset=&#8221;default&#8221; link_option_url=&#8221;@ET-DC@eyJkeW5hbWljIjp0cnVlLCJjb250ZW50IjoicG9zdF9saW5rX3VybF9wYWdlIiwic2V0dGluZ3MiOnsicG9zdF9pZCI6IjE4OSJ9fQ==@&#8221; hover_enabled=&#8221;0&#8243; global_colors_info=&#8221;{}&#8221; _dynamic_attributes=&#8221;link_option_url&#8221; sticky_enabled=&#8221;0&#8243;][et_pb_image src=&#8221;https:\/\/elivelimen.webclientes.es\/wp-content\/uploads\/2026\/01\/afeitado-1.jpg&#8221; alt=&#8221;Eliveli men-en bizartegia&#8221; title_text=&#8221;Eliveli men-en bizartegia&#8221; align=&#8221;center&#8221; _builder_version=&#8221;4.27.5&#8243; _module_preset=&#8221;default&#8221; border_radii=&#8221;on|1394px|1394px|1394px|1394px&#8221; border_width_all=&#8221;1px&#8221; border_color_all=&#8221;#223747&#8243; global_colors_info=&#8221;{}&#8221;][\/et_pb_image][et_pb_text _builder_version=&#8221;4.27.5&#8243; _module_preset=&#8221;default&#8221; global_colors_info=&#8221;{}&#8221;]<\/p>\n<p style=\"text-align: center;\"><span style=\"font-size: 24px; font-weight: bold; color: #738593;\">Eliveli men-en bizartegia<\/span><\/p>\n<p>[\/et_pb_text][\/et_pb_column][et_pb_column type=&#8221;1_5&#8243; _builder_version=&#8221;4.27.5&#8243; _module_preset=&#8221;default&#8221; link_option_url=&#8221;@ET-DC@eyJkeW5hbWljIjp0cnVlLCJjb250ZW50IjoicG9zdF9saW5rX3VybF9wYWdlIiwic2V0dGluZ3MiOnsicG9zdF9pZCI6IjE5MSJ9fQ==@&#8221; hover_enabled=&#8221;0&#8243; global_colors_info=&#8221;{}&#8221; _dynamic_attributes=&#8221;link_option_url&#8221; sticky_enabled=&#8221;0&#8243;][et_pb_image src=&#8221;https:\/\/elivelimen.webclientes.es\/wp-content\/uploads\/2026\/01\/precios-1.jpg&#8221; alt=&#8221;Eliveli men prezioak&#8221; title_text=&#8221;Eliveli men prezioak&#8221; align=&#8221;center&#8221; _builder_version=&#8221;4.27.5&#8243; _module_preset=&#8221;default&#8221; border_radii=&#8221;on|1394px|1394px|1394px|1394px&#8221; border_width_all=&#8221;1px&#8221; border_color_all=&#8221;#223747&#8243; global_colors_info=&#8221;{}&#8221;][\/et_pb_image][et_pb_text _builder_version=&#8221;4.27.5&#8243; _module_preset=&#8221;default&#8221; global_colors_info=&#8221;{}&#8221;]<\/p>\n<p style=\"text-align: center;\"><span style=\"font-size: 24px; font-weight: bold; color: #738593;\">Prezioak<\/span><\/p>\n<p>&nbsp;[\/et_pb_text][\/et_pb_column][\/et_pb_row][\/et_pb_section]<\/p>\n","protected":false},"excerpt":{"rendered":"<p><div class=\"et_pb_module dsm_perspective_image dsm_perspective_image_0\">\n\t\t\t\t\n\t\t\t\t\n\t\t\t\t\n\t\t\t\t\n\t\t\t\t\n\t\t\t\t\n\t\t\t\t<div class=\"et_pb_module_inner\">\n\t\t\t\t\t<div class=\"dsm-perspective-image-wrapper et_always_center_on_mobile\">\n\t\t\t\t\n\t\t\t\t\n\t\t\t\t<span class=\"et_pb_image_wrap \"><img decoding=\"async\" src=\"\" alt=\"\" title=\"nuestrasinstalaciones\" \/><\/span>\n\t\t\t<\/div>\n\t\t\t\t<\/div>\n\t\t\t<\/div><nav id=\"breadcrumbs\"><\/nav> Badakigu pertsona bakoitza ezberdina dela, horregatik gure bezero bakoitzari estetika eta ile-apainketa arloan aholkularitza pertsonalizatua eskaintzen diogu. Teknika berritzaileenak eta egungo produkturik onenak erabiltzen ditugu gizonezkoentzako ile-apainketa eta estetikarako. IleapaindegiaEstetikaINDIBAEliveli men-en bizartegiaPrezioak &nbsp;<\/p>\n","protected":false},"author":1,"featured_media":2605,"parent":2537,"menu_order":0,"comment_status":"closed","ping_status":"closed","template":"","meta":{"_acf_changed":false,"_et_pb_use_builder":"on","_et_pb_old_content":"","_et_gb_content_width":"","footnotes":""},"class_list":["post-2606","page","type-page","status-publish","has-post-thumbnail","hentry"],"acf":[],"yoast_head":"<!-- This site is optimized with the Yoast SEO plugin v27.2 - https:\/\/yoast.com\/product\/yoast-seo-wordpress\/ -->\n<title>Gure jarduna - Peluquer\u00eda de caballeros en Donostia San Sebasti\u00e1n<\/title>\n<meta name=\"robots\" content=\"noindex, follow, max-snippet:-1, max-image-preview:large, max-video-preview:-1\" \/>\n<meta property=\"og:locale\" content=\"en_US\" \/>\n<meta property=\"og:type\" content=\"article\" \/>\n<meta property=\"og:title\" content=\"Gure jarduna - Peluquer\u00eda de caballeros en Donostia San Sebasti\u00e1n\" \/>\n<meta property=\"og:description\" content=\"Badakigu pertsona bakoitza ezberdina dela, horregatik gure bezero bakoitzari estetika eta ile-apainketa arloan aholkularitza pertsonalizatua eskaintzen diogu. Teknika berritzaileenak eta egungo produkturik onenak erabiltzen ditugu gizonezkoentzako ile-apainketa eta estetikarako. IleapaindegiaEstetikaINDIBAEliveli men-en bizartegiaPrezioak &nbsp;\" \/>\n<meta property=\"og:url\" content=\"https:\/\/elivelimen.webclientes.es\/eu\/hasiera\/gure-jarduna\/\" \/>\n<meta property=\"og:site_name\" content=\"Peluquer\u00eda de caballeros en Donostia San Sebasti\u00e1n\" \/>\n<meta property=\"article:modified_time\" content=\"2026-03-23T12:05:59+00:00\" \/>\n<meta property=\"og:image\" content=\"https:\/\/elivelimen.webclientes.es\/wp-content\/uploads\/2026\/01\/quehacemoselivelimen.jpg\" \/>\n\t<meta property=\"og:image:width\" content=\"1920\" \/>\n\t<meta property=\"og:image:height\" content=\"450\" \/>\n\t<meta property=\"og:image:type\" content=\"image\/jpeg\" \/>\n<meta name=\"twitter:card\" content=\"summary_large_image\" \/>\n<meta name=\"twitter:label1\" content=\"Est. reading time\" \/>\n\t<meta name=\"twitter:data1\" content=\"5 minutua\" \/>\n<script type=\"application\/ld+json\" class=\"yoast-schema-graph\">{\"@context\":\"https:\/\/schema.org\",\"@graph\":[{\"@type\":\"WebPage\",\"@id\":\"https:\/\/elivelimen.webclientes.es\/eu\/hasiera\/gure-jarduna\/\",\"url\":\"https:\/\/elivelimen.webclientes.es\/eu\/hasiera\/gure-jarduna\/\",\"name\":\"Gure jarduna - Peluquer\u00eda de caballeros en Donostia San Sebasti\u00e1n\",\"isPartOf\":{\"@id\":\"https:\/\/elivelimen.webclientes.es\/#website\"},\"primaryImageOfPage\":{\"@id\":\"https:\/\/elivelimen.webclientes.es\/eu\/hasiera\/gure-jarduna\/#primaryimage\"},\"image\":{\"@id\":\"https:\/\/elivelimen.webclientes.es\/eu\/hasiera\/gure-jarduna\/#primaryimage\"},\"thumbnailUrl\":\"https:\/\/elivelimen.webclientes.es\/wp-content\/uploads\/2026\/01\/quehacemoselivelimen.jpg\",\"datePublished\":\"2026-01-15T09:29:09+00:00\",\"dateModified\":\"2026-03-23T12:05:59+00:00\",\"breadcrumb\":{\"@id\":\"https:\/\/elivelimen.webclientes.es\/eu\/hasiera\/gure-jarduna\/#breadcrumb\"},\"inLanguage\":\"eu\",\"potentialAction\":[{\"@type\":\"ReadAction\",\"target\":[\"https:\/\/elivelimen.webclientes.es\/eu\/hasiera\/gure-jarduna\/\"]}]},{\"@type\":\"ImageObject\",\"inLanguage\":\"eu\",\"@id\":\"https:\/\/elivelimen.webclientes.es\/eu\/hasiera\/gure-jarduna\/#primaryimage\",\"url\":\"https:\/\/elivelimen.webclientes.es\/wp-content\/uploads\/2026\/01\/quehacemoselivelimen.jpg\",\"contentUrl\":\"https:\/\/elivelimen.webclientes.es\/wp-content\/uploads\/2026\/01\/quehacemoselivelimen.jpg\",\"width\":1920,\"height\":450,\"caption\":\"Zer egiten dugu eliveli men-en\"},{\"@type\":\"BreadcrumbList\",\"@id\":\"https:\/\/elivelimen.webclientes.es\/eu\/hasiera\/gure-jarduna\/#breadcrumb\",\"itemListElement\":[{\"@type\":\"ListItem\",\"position\":1,\"name\":\"Hasiera\",\"item\":\"https:\/\/elivelimen.webclientes.es\/eu\/hasiera\/\"},{\"@type\":\"ListItem\",\"position\":2,\"name\":\"Gure jarduna\"}]},{\"@type\":\"WebSite\",\"@id\":\"https:\/\/elivelimen.webclientes.es\/#website\",\"url\":\"https:\/\/elivelimen.webclientes.es\/\",\"name\":\"Peluquer\u00eda de caballeros en Donostia San Sebasti\u00e1n\",\"description\":\"Peluquer\u00eda y est\u00e9tica para hombres. Peluqueros de caballeros. Afeitado cl\u00e1sico en el barrio de Gros San Sebasti\u00e1n\",\"alternateName\":\"eliveli barber\",\"potentialAction\":[{\"@type\":\"SearchAction\",\"target\":{\"@type\":\"EntryPoint\",\"urlTemplate\":\"https:\/\/elivelimen.webclientes.es\/?s={search_term_string}\"},\"query-input\":{\"@type\":\"PropertyValueSpecification\",\"valueRequired\":true,\"valueName\":\"search_term_string\"}}],\"inLanguage\":\"eu\"}]}<\/script>\n<!-- \/ Yoast SEO plugin. -->","yoast_head_json":{"title":"Gure jarduna - Peluquer\u00eda de caballeros en Donostia San Sebasti\u00e1n","robots":{"index":"noindex","follow":"follow","max-snippet":"max-snippet:-1","max-image-preview":"max-image-preview:large","max-video-preview":"max-video-preview:-1"},"og_locale":"en_US","og_type":"article","og_title":"Gure jarduna - Peluquer\u00eda de caballeros en Donostia San Sebasti\u00e1n","og_description":"Badakigu pertsona bakoitza ezberdina dela, horregatik gure bezero bakoitzari estetika eta ile-apainketa arloan aholkularitza pertsonalizatua eskaintzen diogu. Teknika berritzaileenak eta egungo produkturik onenak erabiltzen ditugu gizonezkoentzako ile-apainketa eta estetikarako. IleapaindegiaEstetikaINDIBAEliveli men-en bizartegiaPrezioak &nbsp;","og_url":"https:\/\/elivelimen.webclientes.es\/eu\/hasiera\/gure-jarduna\/","og_site_name":"Peluquer\u00eda de caballeros en Donostia San Sebasti\u00e1n","article_modified_time":"2026-03-23T12:05:59+00:00","og_image":[{"width":1920,"height":450,"url":"https:\/\/elivelimen.webclientes.es\/wp-content\/uploads\/2026\/01\/quehacemoselivelimen.jpg","type":"image\/jpeg"}],"twitter_card":"summary_large_image","twitter_misc":{"Est. reading time":"5 minutua"},"schema":{"@context":"https:\/\/schema.org","@graph":[{"@type":"WebPage","@id":"https:\/\/elivelimen.webclientes.es\/eu\/hasiera\/gure-jarduna\/","url":"https:\/\/elivelimen.webclientes.es\/eu\/hasiera\/gure-jarduna\/","name":"Gure jarduna - Peluquer\u00eda de caballeros en Donostia San Sebasti\u00e1n","isPartOf":{"@id":"https:\/\/elivelimen.webclientes.es\/#website"},"primaryImageOfPage":{"@id":"https:\/\/elivelimen.webclientes.es\/eu\/hasiera\/gure-jarduna\/#primaryimage"},"image":{"@id":"https:\/\/elivelimen.webclientes.es\/eu\/hasiera\/gure-jarduna\/#primaryimage"},"thumbnailUrl":"https:\/\/elivelimen.webclientes.es\/wp-content\/uploads\/2026\/01\/quehacemoselivelimen.jpg","datePublished":"2026-01-15T09:29:09+00:00","dateModified":"2026-03-23T12:05:59+00:00","breadcrumb":{"@id":"https:\/\/elivelimen.webclientes.es\/eu\/hasiera\/gure-jarduna\/#breadcrumb"},"inLanguage":"eu","potentialAction":[{"@type":"ReadAction","target":["https:\/\/elivelimen.webclientes.es\/eu\/hasiera\/gure-jarduna\/"]}]},{"@type":"ImageObject","inLanguage":"eu","@id":"https:\/\/elivelimen.webclientes.es\/eu\/hasiera\/gure-jarduna\/#primaryimage","url":"https:\/\/elivelimen.webclientes.es\/wp-content\/uploads\/2026\/01\/quehacemoselivelimen.jpg","contentUrl":"https:\/\/elivelimen.webclientes.es\/wp-content\/uploads\/2026\/01\/quehacemoselivelimen.jpg","width":1920,"height":450,"caption":"Zer egiten dugu eliveli men-en"},{"@type":"BreadcrumbList","@id":"https:\/\/elivelimen.webclientes.es\/eu\/hasiera\/gure-jarduna\/#breadcrumb","itemListElement":[{"@type":"ListItem","position":1,"name":"Hasiera","item":"https:\/\/elivelimen.webclientes.es\/eu\/hasiera\/"},{"@type":"ListItem","position":2,"name":"Gure jarduna"}]},{"@type":"WebSite","@id":"https:\/\/elivelimen.webclientes.es\/#website","url":"https:\/\/elivelimen.webclientes.es\/","name":"Peluquer\u00eda de caballeros en Donostia San Sebasti\u00e1n","description":"Peluquer\u00eda y est\u00e9tica para hombres. Peluqueros de caballeros. Afeitado cl\u00e1sico en el barrio de Gros San Sebasti\u00e1n","alternateName":"eliveli barber","potentialAction":[{"@type":"SearchAction","target":{"@type":"EntryPoint","urlTemplate":"https:\/\/elivelimen.webclientes.es\/?s={search_term_string}"},"query-input":{"@type":"PropertyValueSpecification","valueRequired":true,"valueName":"search_term_string"}}],"inLanguage":"eu"}]}},"_links":{"self":[{"href":"https:\/\/elivelimen.webclientes.es\/eu\/wp-json\/wp\/v2\/pages\/2606","targetHints":{"allow":["GET"]}}],"collection":[{"href":"https:\/\/elivelimen.webclientes.es\/eu\/wp-json\/wp\/v2\/pages"}],"about":[{"href":"https:\/\/elivelimen.webclientes.es\/eu\/wp-json\/wp\/v2\/types\/page"}],"author":[{"embeddable":true,"href":"https:\/\/elivelimen.webclientes.es\/eu\/wp-json\/wp\/v2\/users\/1"}],"replies":[{"embeddable":true,"href":"https:\/\/elivelimen.webclientes.es\/eu\/wp-json\/wp\/v2\/comments?post=2606"}],"version-history":[{"count":4,"href":"https:\/\/elivelimen.webclientes.es\/eu\/wp-json\/wp\/v2\/pages\/2606\/revisions"}],"predecessor-version":[{"id":2619,"href":"https:\/\/elivelimen.webclientes.es\/eu\/wp-json\/wp\/v2\/pages\/2606\/revisions\/2619"}],"up":[{"embeddable":true,"href":"https:\/\/elivelimen.webclientes.es\/eu\/wp-json\/wp\/v2\/pages\/2537"}],"wp:featuredmedia":[{"embeddable":true,"href":"https:\/\/elivelimen.webclientes.es\/eu\/wp-json\/wp\/v2\/media\/2605"}],"wp:attachment":[{"href":"https:\/\/elivelimen.webclientes.es\/eu\/wp-json\/wp\/v2\/media?parent=2606"}],"curies":[{"name":"wp","href":"https:\/\/api.w.org\/{rel}","templated":true}]}}