{"id":2630,"date":"2026-01-15T13:16:13","date_gmt":"2026-01-15T12:16:13","guid":{"rendered":"https:\/\/elivelimen.webclientes.es\/hasiera\/gure-jarduna\/estetika\/"},"modified":"2026-03-24T13:53:46","modified_gmt":"2026-03-24T12:53:46","slug":"estetika","status":"publish","type":"page","link":"https:\/\/elivelimen.webclientes.es\/eu\/hasiera\/gure-jarduna\/estetika\/","title":{"rendered":"Estetika"},"content":{"rendered":"<p>[et_pb_section fb_built=&#8221;1&#8243; _builder_version=&#8221;4.27.5&#8243; _module_preset=&#8221;default&#8221; background_color=&#8221;#f8f8f8&#8243; custom_margin=&#8221;0px|0px|0px|0px|false|false&#8221; custom_padding=&#8221;0px|0px|0px|0px|false|false&#8221; global_colors_info=&#8221;{}&#8221;][et_pb_row admin_label=&#8221;Hero&#8221; _builder_version=&#8221;4.27.5&#8243; _module_preset=&#8221;default&#8221; width=&#8221;100%&#8221; max_width=&#8221;1920px&#8221; min_height=&#8221;100px&#8221; custom_margin=&#8221;0px|0px|0px|0px|false|false&#8221; custom_padding=&#8221;0px|0px|0px|0px|false|false&#8221; global_colors_info=&#8221;{}&#8221;][et_pb_column type=&#8221;4_4&#8243; _builder_version=&#8221;4.27.5&#8243; _module_preset=&#8221;default&#8221; global_colors_info=&#8221;{}&#8221;][dsm_perspective_image src=&#8221;@ET-DC@eyJkeW5hbWljIjp0cnVlLCJjb250ZW50IjoicG9zdF9mZWF0dXJlZF9pbWFnZSIsInNldHRpbmdzIjpbXX0=@&#8221; title_text=&#8221;nuestrasinstalaciones&#8221; force_fullwidth=&#8221;on&#8221; _builder_version=&#8221;4.27.5&#8243; _dynamic_attributes=&#8221;src&#8221; _module_preset=&#8221;default&#8221; custom_margin=&#8221;0px|0px|0px|0px|false|false&#8221; custom_padding=&#8221;0px|0px|0px|0px|false|false&#8221; global_colors_info=&#8221;{}&#8221;][\/dsm_perspective_image][\/et_pb_column][\/et_pb_row][et_pb_row admin_label=&#8221;Breadcrumb&#8221; _builder_version=&#8221;4.27.5&#8243; _module_preset=&#8221;default&#8221; width=&#8221;60%&#8221; width_tablet=&#8221;80%&#8221; width_phone=&#8221;80%&#8221; width_last_edited=&#8221;on|tablet&#8221; module_alignment=&#8221;center&#8221; custom_margin=&#8221;0px|0px|0px|0px|false|false&#8221; custom_padding=&#8221;30px|0px|30px|0px|true|false&#8221; global_colors_info=&#8221;{}&#8221;][et_pb_column type=&#8221;4_4&#8243; _builder_version=&#8221;4.27.5&#8243; _module_preset=&#8221;default&#8221; global_colors_info=&#8221;{}&#8221;][et_pb_code _builder_version=&#8221;4.27.5&#8243; _module_preset=&#8221;default&#8221; text_orientation=&#8221;left&#8221; module_alignment=&#8221;left&#8221; custom_margin=&#8221;0px|0px|0px|0px|false|false&#8221; custom_padding=&#8221;0px|0px|0px|0px|false|false&#8221; global_colors_info=&#8221;{}&#8221;]<nav id=\"breadcrumbs\"><\/nav>[\/et_pb_code][\/et_pb_column][\/et_pb_row][et_pb_row admin_label=&#8221;H1&#8243; _builder_version=&#8221;4.27.5&#8243; _module_preset=&#8221;default&#8221; max_width=&#8221;1920px&#8221; module_alignment=&#8221;center&#8221; custom_margin=&#8221;0px|0px|0px|0px|false|false&#8221; custom_padding=&#8221;0px|0px|30px|0px|false|false&#8221; global_colors_info=&#8221;{}&#8221;][et_pb_column type=&#8221;4_4&#8243; _builder_version=&#8221;4.27.5&#8243; _module_preset=&#8221;default&#8221; global_colors_info=&#8221;{}&#8221;][et_pb_code _builder_version=&#8221;4.27.5&#8243; _module_preset=&#8221;default&#8221; text_orientation=&#8221;center&#8221; module_alignment=&#8221;center&#8221; custom_margin=&#8221;0px|0px|0px|0px|false|false&#8221; custom_padding=&#8221;0px|0px|0px|0px|false|false&#8221; custom_css_free_form=&#8221;.texto-dos-columnas {||  column-count: 2;||  column-gap: 40px;||}||&#8221; global_colors_info=&#8221;{}&#8221;][\/et_pb_code][\/et_pb_column][\/et_pb_row][\/et_pb_section][et_pb_section fb_built=&#8221;1&#8243; admin_label=&#8221;Section Two Columns&#8221; _builder_version=&#8221;4.27.5&#8243; _module_preset=&#8221;default&#8221; background_color=&#8221;#f8f8f8&#8243; min_height=&#8221;100px&#8221; custom_margin=&#8221;0px|0px|0px|0px|false|false&#8221; custom_padding=&#8221;0px|0px|0px|0px|false|false&#8221; global_colors_info=&#8221;{}&#8221;][et_pb_row column_structure=&#8221;1_2,1_2&#8243; use_custom_gutter=&#8221;on&#8221; gutter_width=&#8221;2&#8243; admin_label=&#8221;Div Two Columns&#8221; module_class=&#8221;fila-texto&#8221; _builder_version=&#8221;4.27.5&#8243; _module_preset=&#8221;default&#8221; background_enable_color=&#8221;off&#8221; background_enable_image=&#8221;off&#8221; width=&#8221;60%&#8221; width_tablet=&#8221;80%&#8221; width_phone=&#8221;80%&#8221; width_last_edited=&#8221;on|tablet&#8221; max_width=&#8221;1920px&#8221; module_alignment=&#8221;center&#8221; custom_margin=&#8221;0px|0px|0px|0px|false|false&#8221; custom_padding=&#8221;0px|0px|80px|0px|false|false&#8221; global_colors_info=&#8221;{}&#8221;][et_pb_column type=&#8221;1_2&#8243; module_class=&#8221;col-img&#8221; _builder_version=&#8221;4.27.5&#8243; _module_preset=&#8221;default&#8221; background_enable_image=&#8221;off&#8221; global_colors_info=&#8221;{}&#8221;][et_pb_text _builder_version=&#8221;4.27.5&#8243; _module_preset=&#8221;default&#8221; global_colors_info=&#8221;{}&#8221;]<\/p>\n<p>Eliveli men-en etengabe ari gara berritzen bezeroei gizonentzako tratamendu estetikorik onenak eskaini ahal izateko, eta, horretarako, abangoardiako teknologia jartzen dugu beren eskura.<\/p>\n<p>Tratamendu estetiko pertsonalizatuak egiten ditugu, honako alderdi hauek uztartuta: gizonentzako produkturik aurreratuenak eta onenak, sektorean dugun eskarmentu handia eta punta-puntako teknikak.<\/p>\n<p>Ongizatea eta estetika izen bakar batean: eliveli men.<\/p>\n<p>Beren premien araberako tratamendu estetiko espezifikoak gomendatzen dizkiegu bezeroei:<\/p>\n<ul>\n<li>Tratamendu estetikoak<\/li>\n<li>Tratamiento anti-stress<\/li>\n<li>Aknearen aurkako tratamendua<\/li>\n<li>Akne arrosaren aurkako tratamendua<\/li>\n<li>Dermatitisaren aurkako tratamendua<\/li>\n<li>Aurpegiko higienea<\/li>\n<li>Rejuvenecimiento<\/li>\n<li>Bizarra mozteko arazoak<\/li>\n<li>Manikura<\/li>\n<li>Maquillaje<\/li>\n<li>Esku eta oinetako tratamenduak<\/li>\n<li>Bekainak eta begitartea itxuratzea<\/li>\n<li>Bizar-moztea; bizarra eta kokospekoa txukuntzea<\/li>\n<\/ul>\n<p>[\/et_pb_text][\/et_pb_column][et_pb_column type=&#8221;1_2&#8243; module_class=&#8221;col-texto&#8221; _builder_version=&#8221;4.27.5&#8243; _module_preset=&#8221;default&#8221; background_color=&#8221;#FFFFFF&#8221; global_colors_info=&#8221;{}&#8221;][et_pb_text _builder_version=&#8221;4.27.5&#8243; _module_preset=&#8221;default&#8221; custom_margin=&#8221;0px||0px||false|false&#8221; custom_padding=&#8221;40px|10%|40px|10%|true|true&#8221; hover_enabled=&#8221;0&#8243; global_colors_info=&#8221;{}&#8221; header_2_font_size=&#8221;28px&#8221; sticky_enabled=&#8221;0&#8243;]<\/p>\n<h2><strong>Gorputz-tratamendua &#8211; Piroche filosofia<\/strong><\/h2>\n<p>Txinatar medikuntza tradizionala du oinarri Piroche filosofiak, zeinak osasunak gorputz-atal ezberdinen arteko orekan sorburua duela aldarrikatzen baitu. Piroche metodoa edertasunaz haraindi doa are garrantzitsuagoa den helburu bat erdiesteko: ongizatea.<\/p>\n<p>Metodoaren eraginkortasunak, batetik, eta guztiz naturalak diren printzipio aktiboen lerroaren kalitateak, bestetik, emaitzarik onenak bermatzen dituzte edertasunaren, osasunaren eta ongizatearen esparruetan.<\/p>\n<p>Metodoak modu espezifikoan jarduten du pertsona bakoitzarengan. Izan ere, estresa eta toxinak murriztea ez ezik, organismoak behar bezala funtzionatzea ere lortzen du.<\/p>\n<p>Gorputzaren meridianoetan eta energia-guneetan hainbat olio aplikatzean datza Piroche metodoa. Eskuzko masajeak eta bentosek presioa eragiten dute ehunetan eta, horri esker, toxina gehiago deuseztatzen dira.<\/p>\n<p>Kasu hauetan gomendatzen da tratamendua:<\/p>\n<ul>\n<li>Organismoa desintoxikatzeko<\/li>\n<li>Drainatze linfatikoa sustatzeko<\/li>\n<li>Estresari aurka egiteko<\/li>\n<li>Zirkulazio-arazoak hobetzeko<\/li>\n<li>Bolumena gutxitzeko oro har<\/li>\n<\/ul>\n<p>[\/et_pb_text][\/et_pb_column][\/et_pb_row][\/et_pb_section]<\/p>\n","protected":false},"excerpt":{"rendered":"<p><div class=\"et_pb_module dsm_perspective_image dsm_perspective_image_0\">\n\t\t\t\t\n\t\t\t\t\n\t\t\t\t\n\t\t\t\t\n\t\t\t\t\n\t\t\t\t\n\t\t\t\t<div class=\"et_pb_module_inner\">\n\t\t\t\t\t<div class=\"dsm-perspective-image-wrapper et_always_center_on_mobile\">\n\t\t\t\t\n\t\t\t\t\n\t\t\t\t<span class=\"et_pb_image_wrap \"><img decoding=\"async\" src=\"\" alt=\"\" title=\"nuestrasinstalaciones\" \/><\/span>\n\t\t\t<\/div>\n\t\t\t\t<\/div>\n\t\t\t<\/div><nav id=\"breadcrumbs\"><\/nav>Eliveli men-en etengabe ari gara berritzen bezeroei gizonentzako tratamendu estetikorik onenak eskaini ahal izateko, eta, horretarako, abangoardiako teknologia jartzen dugu beren eskura. Tratamendu estetiko pertsonalizatuak egiten ditugu, honako alderdi hauek uztartuta: gizonentzako produkturik aurreratuenak eta onenak, sektorean dugun eskarmentu handia eta punta-puntako teknikak. Ongizatea eta estetika [&hellip;]<\/p>\n","protected":false},"author":1,"featured_media":2629,"parent":2606,"menu_order":0,"comment_status":"closed","ping_status":"closed","template":"","meta":{"_acf_changed":false,"_et_pb_use_builder":"on","_et_pb_old_content":"","_et_gb_content_width":"","footnotes":""},"class_list":["post-2630","page","type-page","status-publish","has-post-thumbnail","hentry"],"acf":[],"yoast_head":"<!-- This site is optimized with the Yoast SEO plugin v27.2 - https:\/\/yoast.com\/product\/yoast-seo-wordpress\/ -->\n<title>Estetika - Peluquer\u00eda de caballeros en Donostia San Sebasti\u00e1n<\/title>\n<meta name=\"robots\" content=\"noindex, follow, max-snippet:-1, max-image-preview:large, max-video-preview:-1\" \/>\n<meta property=\"og:locale\" content=\"en_US\" \/>\n<meta property=\"og:type\" content=\"article\" \/>\n<meta property=\"og:title\" content=\"Estetika - Peluquer\u00eda de caballeros en Donostia San Sebasti\u00e1n\" \/>\n<meta property=\"og:description\" content=\"Eliveli men-en etengabe ari gara berritzen bezeroei gizonentzako tratamendu estetikorik onenak eskaini ahal izateko, eta, horretarako, abangoardiako teknologia jartzen dugu beren eskura. Tratamendu estetiko pertsonalizatuak egiten ditugu, honako alderdi hauek uztartuta: gizonentzako produkturik aurreratuenak eta onenak, sektorean dugun eskarmentu handia eta punta-puntako teknikak. Ongizatea eta estetika [&hellip;]\" \/>\n<meta property=\"og:url\" content=\"https:\/\/elivelimen.webclientes.es\/eu\/hasiera\/gure-jarduna\/estetika\/\" \/>\n<meta property=\"og:site_name\" content=\"Peluquer\u00eda de caballeros en Donostia San Sebasti\u00e1n\" \/>\n<meta property=\"article:modified_time\" content=\"2026-03-24T12:53:46+00:00\" \/>\n<meta property=\"og:image\" content=\"https:\/\/elivelimen.webclientes.es\/wp-content\/uploads\/2026\/01\/estetica.jpg\" \/>\n\t<meta property=\"og:image:width\" content=\"1920\" \/>\n\t<meta property=\"og:image:height\" content=\"450\" \/>\n\t<meta property=\"og:image:type\" content=\"image\/jpeg\" \/>\n<meta name=\"twitter:card\" content=\"summary_large_image\" \/>\n<meta name=\"twitter:label1\" content=\"Est. reading time\" \/>\n\t<meta name=\"twitter:data1\" content=\"4 minutua\" \/>\n<script type=\"application\/ld+json\" class=\"yoast-schema-graph\">{\"@context\":\"https:\/\/schema.org\",\"@graph\":[{\"@type\":\"WebPage\",\"@id\":\"https:\/\/elivelimen.webclientes.es\/eu\/hasiera\/gure-jarduna\/estetika\/\",\"url\":\"https:\/\/elivelimen.webclientes.es\/eu\/hasiera\/gure-jarduna\/estetika\/\",\"name\":\"Estetika - Peluquer\u00eda de caballeros en Donostia San Sebasti\u00e1n\",\"isPartOf\":{\"@id\":\"https:\/\/elivelimen.webclientes.es\/#website\"},\"primaryImageOfPage\":{\"@id\":\"https:\/\/elivelimen.webclientes.es\/eu\/hasiera\/gure-jarduna\/estetika\/#primaryimage\"},\"image\":{\"@id\":\"https:\/\/elivelimen.webclientes.es\/eu\/hasiera\/gure-jarduna\/estetika\/#primaryimage\"},\"thumbnailUrl\":\"https:\/\/elivelimen.webclientes.es\/wp-content\/uploads\/2026\/01\/estetica.jpg\",\"datePublished\":\"2026-01-15T12:16:13+00:00\",\"dateModified\":\"2026-03-24T12:53:46+00:00\",\"breadcrumb\":{\"@id\":\"https:\/\/elivelimen.webclientes.es\/eu\/hasiera\/gure-jarduna\/estetika\/#breadcrumb\"},\"inLanguage\":\"eu\",\"potentialAction\":[{\"@type\":\"ReadAction\",\"target\":[\"https:\/\/elivelimen.webclientes.es\/eu\/hasiera\/gure-jarduna\/estetika\/\"]}]},{\"@type\":\"ImageObject\",\"inLanguage\":\"eu\",\"@id\":\"https:\/\/elivelimen.webclientes.es\/eu\/hasiera\/gure-jarduna\/estetika\/#primaryimage\",\"url\":\"https:\/\/elivelimen.webclientes.es\/wp-content\/uploads\/2026\/01\/estetica.jpg\",\"contentUrl\":\"https:\/\/elivelimen.webclientes.es\/wp-content\/uploads\/2026\/01\/estetica.jpg\",\"width\":1920,\"height\":450,\"caption\":\"Estetika\"},{\"@type\":\"BreadcrumbList\",\"@id\":\"https:\/\/elivelimen.webclientes.es\/eu\/hasiera\/gure-jarduna\/estetika\/#breadcrumb\",\"itemListElement\":[{\"@type\":\"ListItem\",\"position\":1,\"name\":\"Hasiera\",\"item\":\"https:\/\/elivelimen.webclientes.es\/eu\/hasiera\/\"},{\"@type\":\"ListItem\",\"position\":2,\"name\":\"Gure jarduna\",\"item\":\"https:\/\/elivelimen.webclientes.es\/eu\/hasiera\/gure-jarduna\/\"},{\"@type\":\"ListItem\",\"position\":3,\"name\":\"Estetika\"}]},{\"@type\":\"WebSite\",\"@id\":\"https:\/\/elivelimen.webclientes.es\/#website\",\"url\":\"https:\/\/elivelimen.webclientes.es\/\",\"name\":\"Peluquer\u00eda de caballeros en Donostia San Sebasti\u00e1n\",\"description\":\"Peluquer\u00eda y est\u00e9tica para hombres. Peluqueros de caballeros. Afeitado cl\u00e1sico en el barrio de Gros San Sebasti\u00e1n\",\"alternateName\":\"eliveli barber\",\"potentialAction\":[{\"@type\":\"SearchAction\",\"target\":{\"@type\":\"EntryPoint\",\"urlTemplate\":\"https:\/\/elivelimen.webclientes.es\/?s={search_term_string}\"},\"query-input\":{\"@type\":\"PropertyValueSpecification\",\"valueRequired\":true,\"valueName\":\"search_term_string\"}}],\"inLanguage\":\"eu\"}]}<\/script>\n<!-- \/ Yoast SEO plugin. -->","yoast_head_json":{"title":"Estetika - Peluquer\u00eda de caballeros en Donostia San Sebasti\u00e1n","robots":{"index":"noindex","follow":"follow","max-snippet":"max-snippet:-1","max-image-preview":"max-image-preview:large","max-video-preview":"max-video-preview:-1"},"og_locale":"en_US","og_type":"article","og_title":"Estetika - Peluquer\u00eda de caballeros en Donostia San Sebasti\u00e1n","og_description":"Eliveli men-en etengabe ari gara berritzen bezeroei gizonentzako tratamendu estetikorik onenak eskaini ahal izateko, eta, horretarako, abangoardiako teknologia jartzen dugu beren eskura. Tratamendu estetiko pertsonalizatuak egiten ditugu, honako alderdi hauek uztartuta: gizonentzako produkturik aurreratuenak eta onenak, sektorean dugun eskarmentu handia eta punta-puntako teknikak. Ongizatea eta estetika [&hellip;]","og_url":"https:\/\/elivelimen.webclientes.es\/eu\/hasiera\/gure-jarduna\/estetika\/","og_site_name":"Peluquer\u00eda de caballeros en Donostia San Sebasti\u00e1n","article_modified_time":"2026-03-24T12:53:46+00:00","og_image":[{"width":1920,"height":450,"url":"https:\/\/elivelimen.webclientes.es\/wp-content\/uploads\/2026\/01\/estetica.jpg","type":"image\/jpeg"}],"twitter_card":"summary_large_image","twitter_misc":{"Est. reading time":"4 minutua"},"schema":{"@context":"https:\/\/schema.org","@graph":[{"@type":"WebPage","@id":"https:\/\/elivelimen.webclientes.es\/eu\/hasiera\/gure-jarduna\/estetika\/","url":"https:\/\/elivelimen.webclientes.es\/eu\/hasiera\/gure-jarduna\/estetika\/","name":"Estetika - Peluquer\u00eda de caballeros en Donostia San Sebasti\u00e1n","isPartOf":{"@id":"https:\/\/elivelimen.webclientes.es\/#website"},"primaryImageOfPage":{"@id":"https:\/\/elivelimen.webclientes.es\/eu\/hasiera\/gure-jarduna\/estetika\/#primaryimage"},"image":{"@id":"https:\/\/elivelimen.webclientes.es\/eu\/hasiera\/gure-jarduna\/estetika\/#primaryimage"},"thumbnailUrl":"https:\/\/elivelimen.webclientes.es\/wp-content\/uploads\/2026\/01\/estetica.jpg","datePublished":"2026-01-15T12:16:13+00:00","dateModified":"2026-03-24T12:53:46+00:00","breadcrumb":{"@id":"https:\/\/elivelimen.webclientes.es\/eu\/hasiera\/gure-jarduna\/estetika\/#breadcrumb"},"inLanguage":"eu","potentialAction":[{"@type":"ReadAction","target":["https:\/\/elivelimen.webclientes.es\/eu\/hasiera\/gure-jarduna\/estetika\/"]}]},{"@type":"ImageObject","inLanguage":"eu","@id":"https:\/\/elivelimen.webclientes.es\/eu\/hasiera\/gure-jarduna\/estetika\/#primaryimage","url":"https:\/\/elivelimen.webclientes.es\/wp-content\/uploads\/2026\/01\/estetica.jpg","contentUrl":"https:\/\/elivelimen.webclientes.es\/wp-content\/uploads\/2026\/01\/estetica.jpg","width":1920,"height":450,"caption":"Estetika"},{"@type":"BreadcrumbList","@id":"https:\/\/elivelimen.webclientes.es\/eu\/hasiera\/gure-jarduna\/estetika\/#breadcrumb","itemListElement":[{"@type":"ListItem","position":1,"name":"Hasiera","item":"https:\/\/elivelimen.webclientes.es\/eu\/hasiera\/"},{"@type":"ListItem","position":2,"name":"Gure jarduna","item":"https:\/\/elivelimen.webclientes.es\/eu\/hasiera\/gure-jarduna\/"},{"@type":"ListItem","position":3,"name":"Estetika"}]},{"@type":"WebSite","@id":"https:\/\/elivelimen.webclientes.es\/#website","url":"https:\/\/elivelimen.webclientes.es\/","name":"Peluquer\u00eda de caballeros en Donostia San Sebasti\u00e1n","description":"Peluquer\u00eda y est\u00e9tica para hombres. Peluqueros de caballeros. Afeitado cl\u00e1sico en el barrio de Gros San Sebasti\u00e1n","alternateName":"eliveli barber","potentialAction":[{"@type":"SearchAction","target":{"@type":"EntryPoint","urlTemplate":"https:\/\/elivelimen.webclientes.es\/?s={search_term_string}"},"query-input":{"@type":"PropertyValueSpecification","valueRequired":true,"valueName":"search_term_string"}}],"inLanguage":"eu"}]}},"_links":{"self":[{"href":"https:\/\/elivelimen.webclientes.es\/eu\/wp-json\/wp\/v2\/pages\/2630","targetHints":{"allow":["GET"]}}],"collection":[{"href":"https:\/\/elivelimen.webclientes.es\/eu\/wp-json\/wp\/v2\/pages"}],"about":[{"href":"https:\/\/elivelimen.webclientes.es\/eu\/wp-json\/wp\/v2\/types\/page"}],"author":[{"embeddable":true,"href":"https:\/\/elivelimen.webclientes.es\/eu\/wp-json\/wp\/v2\/users\/1"}],"replies":[{"embeddable":true,"href":"https:\/\/elivelimen.webclientes.es\/eu\/wp-json\/wp\/v2\/comments?post=2630"}],"version-history":[{"count":2,"href":"https:\/\/elivelimen.webclientes.es\/eu\/wp-json\/wp\/v2\/pages\/2630\/revisions"}],"predecessor-version":[{"id":2634,"href":"https:\/\/elivelimen.webclientes.es\/eu\/wp-json\/wp\/v2\/pages\/2630\/revisions\/2634"}],"up":[{"embeddable":true,"href":"https:\/\/elivelimen.webclientes.es\/eu\/wp-json\/wp\/v2\/pages\/2606"}],"wp:featuredmedia":[{"embeddable":true,"href":"https:\/\/elivelimen.webclientes.es\/eu\/wp-json\/wp\/v2\/media\/2629"}],"wp:attachment":[{"href":"https:\/\/elivelimen.webclientes.es\/eu\/wp-json\/wp\/v2\/media?parent=2630"}],"curies":[{"name":"wp","href":"https:\/\/api.w.org\/{rel}","templated":true}]}}