{"id":2660,"date":"2026-01-15T13:19:20","date_gmt":"2026-01-15T12:19:20","guid":{"rendered":"https:\/\/elivelimen.webclientes.es\/hasiera\/gure-jarduna\/eliveli-men-en-bizartegia\/"},"modified":"2026-03-24T14:06:30","modified_gmt":"2026-03-24T13:06:30","slug":"eliveli-men-en-bizartegia","status":"publish","type":"page","link":"https:\/\/elivelimen.webclientes.es\/eu\/hasiera\/gure-jarduna\/eliveli-men-en-bizartegia\/","title":{"rendered":"Eliveli men-en bizartegia"},"content":{"rendered":"<p>[et_pb_section fb_built=&#8221;1&#8243; _builder_version=&#8221;4.27.5&#8243; _module_preset=&#8221;default&#8221; custom_margin=&#8221;0px|0px|0px|0px|false|false&#8221; custom_padding=&#8221;0px|0px|0px|0px|false|false&#8221; global_colors_info=&#8221;{}&#8221;][et_pb_row admin_label=&#8221;Hero&#8221; _builder_version=&#8221;4.27.5&#8243; _module_preset=&#8221;default&#8221; width=&#8221;100%&#8221; max_width=&#8221;1920px&#8221; min_height=&#8221;350.7px&#8221; custom_margin=&#8221;0px|0px|0px|0px|false|false&#8221; custom_padding=&#8221;0px|0px|0px|0px|false|false&#8221; hover_enabled=&#8221;0&#8243; global_colors_info=&#8221;{}&#8221; min_height_last_edited=&#8221;on|phone&#8221; min_height_phone=&#8221;0px&#8221; sticky_enabled=&#8221;0&#8243; min_height_tablet=&#8221;350.7px&#8221;][et_pb_column type=&#8221;4_4&#8243; _builder_version=&#8221;4.27.5&#8243; _module_preset=&#8221;default&#8221; global_colors_info=&#8221;{}&#8221;][dsm_perspective_image src=&#8221;@ET-DC@eyJkeW5hbWljIjp0cnVlLCJjb250ZW50IjoicG9zdF9mZWF0dXJlZF9pbWFnZSIsInNldHRpbmdzIjpbXX0=@&#8221; title_text=&#8221;nuestrasinstalaciones&#8221; force_fullwidth=&#8221;on&#8221; _builder_version=&#8221;4.27.5&#8243; _dynamic_attributes=&#8221;src&#8221; _module_preset=&#8221;default&#8221; custom_margin=&#8221;0px|0px|0px|0px|false|false&#8221; custom_padding=&#8221;0px|0px|0px|0px|false|false&#8221; global_colors_info=&#8221;{}&#8221;][\/dsm_perspective_image][\/et_pb_column][\/et_pb_row][et_pb_row admin_label=&#8221;Breadcrumb&#8221; _builder_version=&#8221;4.27.5&#8243; _module_preset=&#8221;default&#8221; width=&#8221;60%&#8221; width_tablet=&#8221;80%&#8221; width_phone=&#8221;80%&#8221; width_last_edited=&#8221;on|tablet&#8221; module_alignment=&#8221;center&#8221; custom_margin=&#8221;0px|0px|0px|0px|false|false&#8221; custom_padding=&#8221;30px|0px|30px|0px|true|false&#8221; global_colors_info=&#8221;{}&#8221;][et_pb_column type=&#8221;4_4&#8243; _builder_version=&#8221;4.27.5&#8243; _module_preset=&#8221;default&#8221; global_colors_info=&#8221;{}&#8221;][et_pb_code _builder_version=&#8221;4.27.5&#8243; _module_preset=&#8221;default&#8221; text_orientation=&#8221;left&#8221; module_alignment=&#8221;left&#8221; custom_margin=&#8221;0px|0px|0px|0px|false|false&#8221; custom_padding=&#8221;0px|0px|0px|0px|false|false&#8221; global_colors_info=&#8221;{}&#8221;]<nav id=\"breadcrumbs\"><\/nav>[\/et_pb_code][\/et_pb_column][\/et_pb_row][et_pb_row admin_label=&#8221;H1&#8243; _builder_version=&#8221;4.27.5&#8243; _module_preset=&#8221;default&#8221; width=&#8221;60%&#8221; width_tablet=&#8221;80%&#8221; width_phone=&#8221;80%&#8221; width_last_edited=&#8221;on|tablet&#8221; custom_padding=&#8221;0px||||false|false&#8221; global_colors_info=&#8221;{}&#8221;][et_pb_column type=&#8221;4_4&#8243; _builder_version=&#8221;4.27.5&#8243; _module_preset=&#8221;default&#8221; global_colors_info=&#8221;{}&#8221;][et_pb_code _builder_version=&#8221;4.27.5&#8243; _module_preset=&#8221;default&#8221; text_orientation=&#8221;center&#8221; module_alignment=&#8221;center&#8221; custom_margin=&#8221;0px|0px|0px|0px|false|false&#8221; custom_padding=&#8221;0px|0px|0px|0px|false|false&#8221; custom_css_free_form=&#8221;.texto-dos-columnas {||  column-count: 2;||  column-gap: 40px;||}||&#8221; global_colors_info=&#8221;{}&#8221;][\/et_pb_code][et_pb_text module_class=&#8221;texto-dos-columnas&#8221; _builder_version=&#8221;4.27.5&#8243; _module_preset=&#8221;default&#8221; custom_padding=&#8221;30px||||false|false&#8221; custom_css_free_form=&#8221;.texto-dos-columnas {||  column-count: 2;||  column-gap: 40px;||}||&#8221; global_colors_info=&#8221;{}&#8221;]<\/p>\n<div class=\"col-xs-12 col-sm-6\">\n<p>Eliveli men-en adituak gara bizarra moztean.<\/p>\n<p>Ohiko bizartegiak desagertuz joan direla uste bada ere, ezta hurrik eman ere! Hona hemen gure bizartegia, bizartegi klasikoen artea abiapuntu duen bizarra mozteko zerbitzu modernoa. <\/p>\n<p>Urte askotako eskarmentua dugu. Aholkuak emango dizkizugu hain gizonezkoa den urrats honetaz ahalik eta gehien goza dezazun. <\/p>\n<p>Lehen, benetako artea zen bizarra moztea. Tentu eta zehaztasun handiko lana zen larruaren gainean bizar-labanak prestatzea, ahoak ezin hobeto egon zitezen bizarra behar bezala mozteko. <\/p>\n<p>Eguneroko martxa, presaka ibiltzea, ohitura ezegokiak&#8230; horien ondorioz, objektu eta produktu horiek guztiak desagertuz joan dira gure nezeserretik, bizarra azkarrago eta modu funtzionalagoan mozteko beste tresna batzuen ordez. Horregatik, plazera izateari utzi dio bizarra mozteak.<\/p>\n<p>Sartu elivelimenshop online dendan. Bertan, bizarra behar bezala mozteko tresna ugari aurkituko dituzu, besteak beste, brotxak, xaboiak eta lozioak.<\/p>\n<p>Eliveli men-en, bizarra mozteko zerbitzuaz goza dezazun nahi dugu. Brotxak, bizarra biguntzeko, larruazala esfoliatzeko eta bizarra mozteko xaboiari ahalik eta etekinik handiena ateratzeko.<\/p>\n<p>Xaboi naturalak, olioekin eta lanolinarekin, larruazala hidratatu eta babesteko, ahalik eta samurren igaro dadin bizar-xafla. Mentolak edo eukaliptoak berebiziko freskotasuna sentiaraziko dizute. <\/p>\n<p>Gure blogean aukera izango duzu bizarra mozteko oinarrizko urrats batzuk jarraitzeko.<\/p>\n<p>Beren burua zaindu eta itxura hobetu nahi dutenei, bizarra mozteko eta irudia zein larruazala zaintzeko zerbitzu osoaz gozatzea proposatzen diegu.<\/p>\n<p>Afeitados<br \/>Bizarra txukuntzea<br \/>Bibotea<br \/>Kokospekoa<\/p>\n<\/div>\n<p>[\/et_pb_text][\/et_pb_column][\/et_pb_row][\/et_pb_section][et_pb_section fb_built=&#8221;1&#8243; admin_label=&#8221;Section Split&#8221; _builder_version=&#8221;4.27.5&#8243; _module_preset=&#8221;default&#8221; custom_margin=&#8221;0px|0px|0px|0px|false|false&#8221; custom_padding=&#8221;0px|0px|0px|0px|false|false&#8221; hover_enabled=&#8221;0&#8243; global_colors_info=&#8221;{}&#8221; sticky_enabled=&#8221;0&#8243;][et_pb_row column_structure=&#8221;1_2,1_2&#8243; admin_label=&#8221;Div Split&#8221; module_class=&#8221;fila-texto&#8221; _builder_version=&#8221;4.27.5&#8243; _module_preset=&#8221;default&#8221; background_enable_color=&#8221;off&#8221; background_enable_image=&#8221;off&#8221; width=&#8221;60%&#8221; width_tablet=&#8221;80%&#8221; width_phone=&#8221;80%&#8221; width_last_edited=&#8221;on|tablet&#8221; max_width=&#8221;1920px&#8221; module_alignment=&#8221;center&#8221; custom_margin=&#8221;0px|0px|70px|0px|false|false&#8221; custom_padding=&#8221;0px|0px|0px|0px|false|false&#8221; hover_enabled=&#8221;0&#8243; global_colors_info=&#8221;{}&#8221; custom_margin_last_edited=&#8221;on|phone&#8221; custom_margin_phone=&#8221;30px|0px|50px|0px|false|false&#8221; sticky_enabled=&#8221;0&#8243; custom_margin_tablet=&#8221;0px|0px|70px|0px|false|false&#8221;][et_pb_column type=&#8221;1_2&#8243; module_class=&#8221;col-img&#8221; _builder_version=&#8221;4.27.5&#8243; _module_preset=&#8221;default&#8221; background_enable_image=&#8221;off&#8221; hover_enabled=&#8221;0&#8243; global_colors_info=&#8221;{}&#8221; sticky_enabled=&#8221;0&#8243;][et_pb_image src=&#8221;https:\/\/elivelimen.webclientes.es\/wp-content\/uploads\/2026\/01\/afeitado.jpg&#8221; alt=&#8221;Afeitado&#8221; title_text=&#8221;afeitado&#8221; _builder_version=&#8221;4.27.5&#8243; _module_preset=&#8221;default&#8221; global_colors_info=&#8221;{}&#8221;][\/et_pb_image][\/et_pb_column][et_pb_column type=&#8221;1_2&#8243; module_class=&#8221;col-texto&#8221; _builder_version=&#8221;4.27.5&#8243; _module_preset=&#8221;default&#8221; hover_enabled=&#8221;0&#8243; global_colors_info=&#8221;{}&#8221; sticky_enabled=&#8221;0&#8243;][et_pb_text module_class=&#8221;modulo-texto&#8221; _builder_version=&#8221;4.27.5&#8243; _module_preset=&#8221;default&#8221; text_text_color=&#8221;#FFFFFF&#8221; background_color=&#8221;#223747&#8243; width=&#8221;100%&#8221; module_alignment=&#8221;center&#8221; custom_margin=&#8221;0px|0px|0px|20px|false|false&#8221; custom_padding=&#8221;100px|50px|100px|50px|false|false&#8221; hover_enabled=&#8221;0&#8243; global_colors_info=&#8221;{}&#8221; custom_padding_last_edited=&#8221;on|phone&#8221; custom_padding_phone=&#8221;50px|10%|50px|10%|true|true&#8221; sticky_enabled=&#8221;0&#8243; custom_padding_tablet=&#8221;100px|50px|100px|50px|false|false&#8221;]<\/p>\n<div class=\"col-xs-12 col-sm-6\">\n<p>Eliveli men-en, bizarra mozteko zerbitzuaz goza dezazun nahi dugu.<\/p>\n<\/div>\n<p>[\/et_pb_text][\/et_pb_column][\/et_pb_row][\/et_pb_section][et_pb_section fb_built=&#8221;1&#8243; admin_label=&#8221;Section Gallery&#8221; _builder_version=&#8221;4.27.5&#8243; _module_preset=&#8221;default&#8221; custom_margin=&#8221;0px|0px|0px|0px|false|false&#8221; custom_padding=&#8221;0px|0px|0px|0px|false|false&#8221; global_colors_info=&#8221;{}&#8221;][et_pb_row column_structure=&#8221;1_4,1_4,1_4,1_4&#8243; use_custom_gutter=&#8221;on&#8221; gutter_width=&#8221;1&#8243; module_class=&#8221;fila-imagenes &#8221; _builder_version=&#8221;4.27.5&#8243; _module_preset=&#8221;default&#8221; width=&#8221;100%&#8221; max_width=&#8221;1920px&#8221; custom_margin=&#8221;0px|0px|0px|0px|false|false&#8221; custom_padding=&#8221;0px|0px|0px|0px|false|false&#8221; global_colors_info=&#8221;{}&#8221;][et_pb_column type=&#8221;1_4&#8243; _builder_version=&#8221;4.27.5&#8243; _module_preset=&#8221;default&#8221; global_colors_info=&#8221;{}&#8221;][et_pb_image src=&#8221;https:\/\/elivelimen.webclientes.es\/wp-content\/uploads\/2026\/01\/061.jpg&#8221; alt=&#8221;Eliveli men-en bizartegia&#8221; title_text=&#8221;061&#8243; align=&#8221;center&#8221; force_fullwidth=&#8221;on&#8221; module_class=&#8221;imagen-full&#8221; _builder_version=&#8221;4.27.5&#8243; _module_preset=&#8221;default&#8221; module_alignment=&#8221;center&#8221; custom_margin=&#8221;0px|0px|0px|0px|false|false&#8221; custom_padding=&#8221;0px|0px|0px|0px|false|false&#8221; global_colors_info=&#8221;{}&#8221;][\/et_pb_image][\/et_pb_column][et_pb_column type=&#8221;1_4&#8243; _builder_version=&#8221;4.27.5&#8243; _module_preset=&#8221;default&#8221; background_image=&#8221;https:\/\/elivelimen.webclientes.es\/wp-content\/uploads\/2026\/01\/instalaciones_02.png&#8221; global_colors_info=&#8221;{}&#8221;][et_pb_image src=&#8221;https:\/\/elivelimen.webclientes.es\/wp-content\/uploads\/2026\/01\/032.jpg&#8221; alt=&#8221;Eliveli men-en bizartegia&#8221; title_text=&#8221;032&#8243; align=&#8221;center&#8221; force_fullwidth=&#8221;on&#8221; module_class=&#8221;imagen-full&#8221; _builder_version=&#8221;4.27.5&#8243; _module_preset=&#8221;default&#8221; module_alignment=&#8221;center&#8221; custom_margin=&#8221;0px|0px|0px|0px|false|false&#8221; custom_padding=&#8221;0px|0px|0px|0px|false|false&#8221; global_colors_info=&#8221;{}&#8221;][\/et_pb_image][\/et_pb_column][et_pb_column type=&#8221;1_4&#8243; _builder_version=&#8221;4.27.5&#8243; _module_preset=&#8221;default&#8221; global_colors_info=&#8221;{}&#8221;][et_pb_image src=&#8221;https:\/\/elivelimen.webclientes.es\/wp-content\/uploads\/2026\/01\/060.jpg&#8221; alt=&#8221;Eliveli men-en bizartegia&#8221; title_text=&#8221;060&#8243; module_class=&#8221;fila-imagenes&#8221; _builder_version=&#8221;4.27.5&#8243; _module_preset=&#8221;default&#8221; custom_margin=&#8221;0px|0px|0px|0px|false|false&#8221; custom_padding=&#8221;0px|0px|0px|0px|false|false&#8221; global_colors_info=&#8221;{}&#8221;][\/et_pb_image][\/et_pb_column][et_pb_column type=&#8221;1_4&#8243; _builder_version=&#8221;4.27.5&#8243; _module_preset=&#8221;default&#8221; global_colors_info=&#8221;{}&#8221;][et_pb_image src=&#8221;https:\/\/elivelimen.webclientes.es\/wp-content\/uploads\/2026\/01\/063.jpg&#8221; alt=&#8221;Eliveli men-en bizartegia&#8221; title_text=&#8221;063&#8243; force_fullwidth=&#8221;on&#8221; module_class=&#8221;imagen-full&#8221; _builder_version=&#8221;4.27.5&#8243; _module_preset=&#8221;default&#8221; custom_margin=&#8221;0px|0px|0px|0px|false|false&#8221; custom_padding=&#8221;0px|0px|0px|0px|false|false&#8221; global_colors_info=&#8221;{}&#8221;][\/et_pb_image][\/et_pb_column][\/et_pb_row][et_pb_row column_structure=&#8221;1_4,1_4,1_4,1_4&#8243; use_custom_gutter=&#8221;on&#8221; gutter_width=&#8221;1&#8243; module_class=&#8221;fila-imagenes &#8221; _builder_version=&#8221;4.27.5&#8243; _module_preset=&#8221;default&#8221; width=&#8221;100%&#8221; max_width=&#8221;1920px&#8221; custom_margin=&#8221;0px|0px|0px|0px|false|false&#8221; custom_padding=&#8221;0px|0px|0px|0px|false|false&#8221; global_colors_info=&#8221;{}&#8221;][et_pb_column type=&#8221;1_4&#8243; _builder_version=&#8221;4.27.5&#8243; _module_preset=&#8221;default&#8221; global_colors_info=&#8221;{}&#8221;][et_pb_image src=&#8221;https:\/\/elivelimen.webclientes.es\/wp-content\/uploads\/2026\/01\/021.jpg&#8221; alt=&#8221;Eliveli men-en bizartegia&#8221; title_text=&#8221;021&#8243; align=&#8221;center&#8221; force_fullwidth=&#8221;on&#8221; module_class=&#8221;imagen-full&#8221; _builder_version=&#8221;4.27.5&#8243; _module_preset=&#8221;default&#8221; module_alignment=&#8221;center&#8221; custom_margin=&#8221;0px|0px|0px|0px|false|false&#8221; custom_padding=&#8221;0px|0px|0px|0px|false|false&#8221; global_colors_info=&#8221;{}&#8221;][\/et_pb_image][\/et_pb_column][et_pb_column type=&#8221;1_4&#8243; _builder_version=&#8221;4.27.5&#8243; _module_preset=&#8221;default&#8221; background_image=&#8221;https:\/\/elivelimen.webclientes.es\/wp-content\/uploads\/2026\/01\/instalaciones_02.png&#8221; global_colors_info=&#8221;{}&#8221;][et_pb_image src=&#8221;https:\/\/elivelimen.webclientes.es\/wp-content\/uploads\/2026\/01\/labarberiaelivelimen.jpg&#8221; alt=&#8221;Eliveli men-en bizartegia&#8221; title_text=&#8221;labarberiaelivelimen&#8221; align=&#8221;center&#8221; force_fullwidth=&#8221;on&#8221; module_class=&#8221;imagen-full&#8221; _builder_version=&#8221;4.27.5&#8243; _module_preset=&#8221;default&#8221; module_alignment=&#8221;center&#8221; custom_margin=&#8221;0px|0px|0px|0px|false|false&#8221; custom_padding=&#8221;0px|0px|0px|0px|false|false&#8221; global_colors_info=&#8221;{}&#8221;][\/et_pb_image][\/et_pb_column][et_pb_column type=&#8221;1_4&#8243; _builder_version=&#8221;4.27.5&#8243; _module_preset=&#8221;default&#8221; global_colors_info=&#8221;{}&#8221;][et_pb_image src=&#8221;https:\/\/elivelimen.webclientes.es\/wp-content\/uploads\/2026\/01\/barberiaelivelimen_1.jpg&#8221; alt=&#8221;Eliveli men-en bizartegia&#8221; title_text=&#8221;barberiaelivelimen_1&#8243; module_class=&#8221;fila-imagenes&#8221; _builder_version=&#8221;4.27.5&#8243; _module_preset=&#8221;default&#8221; custom_margin=&#8221;0px|0px|0px|0px|false|false&#8221; custom_padding=&#8221;0px|0px|0px|0px|false|false&#8221; global_colors_info=&#8221;{}&#8221;][\/et_pb_image][\/et_pb_column][et_pb_column type=&#8221;1_4&#8243; _builder_version=&#8221;4.27.5&#8243; _module_preset=&#8221;default&#8221; global_colors_info=&#8221;{}&#8221;][et_pb_image src=&#8221;https:\/\/elivelimen.webclientes.es\/wp-content\/uploads\/2026\/01\/afeitadoelivelimen.jpg&#8221; alt=&#8221;Eliveli men-en bizartegia&#8221; title_text=&#8221;afeitadoelivelimen&#8221; force_fullwidth=&#8221;on&#8221; module_class=&#8221;imagen-full&#8221; _builder_version=&#8221;4.27.5&#8243; _module_preset=&#8221;default&#8221; custom_margin=&#8221;0px|0px|0px|0px|false|false&#8221; custom_padding=&#8221;0px|0px|0px|0px|false|false&#8221; global_colors_info=&#8221;{}&#8221;][\/et_pb_image][\/et_pb_column][\/et_pb_row][\/et_pb_section]<\/p>\n","protected":false},"excerpt":{"rendered":"<p><div class=\"et_pb_module dsm_perspective_image dsm_perspective_image_0\">\n\t\t\t\t\n\t\t\t\t\n\t\t\t\t\n\t\t\t\t\n\t\t\t\t\n\t\t\t\t\n\t\t\t\t<div class=\"et_pb_module_inner\">\n\t\t\t\t\t<div class=\"dsm-perspective-image-wrapper et_always_center_on_mobile\">\n\t\t\t\t\n\t\t\t\t\n\t\t\t\t<span class=\"et_pb_image_wrap \"><img decoding=\"async\" src=\"\" alt=\"\" title=\"nuestrasinstalaciones\" \/><\/span>\n\t\t\t<\/div>\n\t\t\t\t<\/div>\n\t\t\t<\/div><nav id=\"breadcrumbs\"><\/nav> Eliveli men-en adituak gara bizarra moztean. Ohiko bizartegiak desagertuz joan direla uste bada ere, ezta hurrik eman ere! Hona hemen gure bizartegia, bizartegi klasikoen artea abiapuntu duen bizarra mozteko zerbitzu modernoa. Urte askotako eskarmentua dugu. Aholkuak emango dizkizugu hain gizonezkoa den urrats honetaz ahalik eta [&hellip;]<\/p>\n","protected":false},"author":1,"featured_media":2631,"parent":2606,"menu_order":0,"comment_status":"closed","ping_status":"closed","template":"","meta":{"_acf_changed":false,"_et_pb_use_builder":"on","_et_pb_old_content":"","_et_gb_content_width":"","footnotes":""},"class_list":["post-2660","page","type-page","status-publish","has-post-thumbnail","hentry"],"acf":[],"yoast_head":"<!-- This site is optimized with the Yoast SEO plugin v27.2 - https:\/\/yoast.com\/product\/yoast-seo-wordpress\/ -->\n<title>Eliveli men-en bizartegia - Peluquer\u00eda de caballeros en Donostia San Sebasti\u00e1n<\/title>\n<meta name=\"robots\" content=\"noindex, follow, max-snippet:-1, max-image-preview:large, max-video-preview:-1\" \/>\n<meta property=\"og:locale\" content=\"en_US\" \/>\n<meta property=\"og:type\" content=\"article\" \/>\n<meta property=\"og:title\" content=\"Eliveli men-en bizartegia - Peluquer\u00eda de caballeros en Donostia San Sebasti\u00e1n\" \/>\n<meta property=\"og:description\" content=\"Eliveli men-en adituak gara bizarra moztean. Ohiko bizartegiak desagertuz joan direla uste bada ere, ezta hurrik eman ere! Hona hemen gure bizartegia, bizartegi klasikoen artea abiapuntu duen bizarra mozteko zerbitzu modernoa. Urte askotako eskarmentua dugu. Aholkuak emango dizkizugu hain gizonezkoa den urrats honetaz ahalik eta [&hellip;]\" \/>\n<meta property=\"og:url\" content=\"https:\/\/elivelimen.webclientes.es\/eu\/hasiera\/gure-jarduna\/eliveli-men-en-bizartegia\/\" \/>\n<meta property=\"og:site_name\" content=\"Peluquer\u00eda de caballeros en Donostia San Sebasti\u00e1n\" \/>\n<meta property=\"article:modified_time\" content=\"2026-03-24T13:06:30+00:00\" \/>\n<meta property=\"og:image\" content=\"https:\/\/elivelimen.webclientes.es\/wp-content\/uploads\/2026\/01\/labarberiaelivelimendonostia.jpg\" \/>\n\t<meta property=\"og:image:width\" content=\"1920\" \/>\n\t<meta property=\"og:image:height\" content=\"450\" \/>\n\t<meta property=\"og:image:type\" content=\"image\/jpeg\" \/>\n<meta name=\"twitter:card\" content=\"summary_large_image\" \/>\n<meta name=\"twitter:label1\" content=\"Est. reading time\" \/>\n\t<meta name=\"twitter:data1\" content=\"8 minutua\" \/>\n<script type=\"application\/ld+json\" class=\"yoast-schema-graph\">{\"@context\":\"https:\/\/schema.org\",\"@graph\":[{\"@type\":\"WebPage\",\"@id\":\"https:\/\/elivelimen.webclientes.es\/eu\/hasiera\/gure-jarduna\/eliveli-men-en-bizartegia\/\",\"url\":\"https:\/\/elivelimen.webclientes.es\/eu\/hasiera\/gure-jarduna\/eliveli-men-en-bizartegia\/\",\"name\":\"Eliveli men-en bizartegia - Peluquer\u00eda de caballeros en Donostia San Sebasti\u00e1n\",\"isPartOf\":{\"@id\":\"https:\/\/elivelimen.webclientes.es\/#website\"},\"primaryImageOfPage\":{\"@id\":\"https:\/\/elivelimen.webclientes.es\/eu\/hasiera\/gure-jarduna\/eliveli-men-en-bizartegia\/#primaryimage\"},\"image\":{\"@id\":\"https:\/\/elivelimen.webclientes.es\/eu\/hasiera\/gure-jarduna\/eliveli-men-en-bizartegia\/#primaryimage\"},\"thumbnailUrl\":\"https:\/\/elivelimen.webclientes.es\/wp-content\/uploads\/2026\/01\/labarberiaelivelimendonostia.jpg\",\"datePublished\":\"2026-01-15T12:19:20+00:00\",\"dateModified\":\"2026-03-24T13:06:30+00:00\",\"breadcrumb\":{\"@id\":\"https:\/\/elivelimen.webclientes.es\/eu\/hasiera\/gure-jarduna\/eliveli-men-en-bizartegia\/#breadcrumb\"},\"inLanguage\":\"eu\",\"potentialAction\":[{\"@type\":\"ReadAction\",\"target\":[\"https:\/\/elivelimen.webclientes.es\/eu\/hasiera\/gure-jarduna\/eliveli-men-en-bizartegia\/\"]}]},{\"@type\":\"ImageObject\",\"inLanguage\":\"eu\",\"@id\":\"https:\/\/elivelimen.webclientes.es\/eu\/hasiera\/gure-jarduna\/eliveli-men-en-bizartegia\/#primaryimage\",\"url\":\"https:\/\/elivelimen.webclientes.es\/wp-content\/uploads\/2026\/01\/labarberiaelivelimendonostia.jpg\",\"contentUrl\":\"https:\/\/elivelimen.webclientes.es\/wp-content\/uploads\/2026\/01\/labarberiaelivelimendonostia.jpg\",\"width\":1920,\"height\":450,\"caption\":\"La Barber\u00eda eliveli men en Donostia\"},{\"@type\":\"BreadcrumbList\",\"@id\":\"https:\/\/elivelimen.webclientes.es\/eu\/hasiera\/gure-jarduna\/eliveli-men-en-bizartegia\/#breadcrumb\",\"itemListElement\":[{\"@type\":\"ListItem\",\"position\":1,\"name\":\"Hasiera\",\"item\":\"https:\/\/elivelimen.webclientes.es\/eu\/hasiera\/\"},{\"@type\":\"ListItem\",\"position\":2,\"name\":\"Gure jarduna\",\"item\":\"https:\/\/elivelimen.webclientes.es\/eu\/hasiera\/gure-jarduna\/\"},{\"@type\":\"ListItem\",\"position\":3,\"name\":\"Eliveli men-en bizartegia\"}]},{\"@type\":\"WebSite\",\"@id\":\"https:\/\/elivelimen.webclientes.es\/#website\",\"url\":\"https:\/\/elivelimen.webclientes.es\/\",\"name\":\"Peluquer\u00eda de caballeros en Donostia San Sebasti\u00e1n\",\"description\":\"Peluquer\u00eda y est\u00e9tica para hombres. Peluqueros de caballeros. Afeitado cl\u00e1sico en el barrio de Gros San Sebasti\u00e1n\",\"alternateName\":\"eliveli barber\",\"potentialAction\":[{\"@type\":\"SearchAction\",\"target\":{\"@type\":\"EntryPoint\",\"urlTemplate\":\"https:\/\/elivelimen.webclientes.es\/?s={search_term_string}\"},\"query-input\":{\"@type\":\"PropertyValueSpecification\",\"valueRequired\":true,\"valueName\":\"search_term_string\"}}],\"inLanguage\":\"eu\"}]}<\/script>\n<!-- \/ Yoast SEO plugin. -->","yoast_head_json":{"title":"Eliveli men-en bizartegia - Peluquer\u00eda de caballeros en Donostia San Sebasti\u00e1n","robots":{"index":"noindex","follow":"follow","max-snippet":"max-snippet:-1","max-image-preview":"max-image-preview:large","max-video-preview":"max-video-preview:-1"},"og_locale":"en_US","og_type":"article","og_title":"Eliveli men-en bizartegia - Peluquer\u00eda de caballeros en Donostia San Sebasti\u00e1n","og_description":"Eliveli men-en adituak gara bizarra moztean. Ohiko bizartegiak desagertuz joan direla uste bada ere, ezta hurrik eman ere! Hona hemen gure bizartegia, bizartegi klasikoen artea abiapuntu duen bizarra mozteko zerbitzu modernoa. Urte askotako eskarmentua dugu. Aholkuak emango dizkizugu hain gizonezkoa den urrats honetaz ahalik eta [&hellip;]","og_url":"https:\/\/elivelimen.webclientes.es\/eu\/hasiera\/gure-jarduna\/eliveli-men-en-bizartegia\/","og_site_name":"Peluquer\u00eda de caballeros en Donostia San Sebasti\u00e1n","article_modified_time":"2026-03-24T13:06:30+00:00","og_image":[{"width":1920,"height":450,"url":"https:\/\/elivelimen.webclientes.es\/wp-content\/uploads\/2026\/01\/labarberiaelivelimendonostia.jpg","type":"image\/jpeg"}],"twitter_card":"summary_large_image","twitter_misc":{"Est. reading time":"8 minutua"},"schema":{"@context":"https:\/\/schema.org","@graph":[{"@type":"WebPage","@id":"https:\/\/elivelimen.webclientes.es\/eu\/hasiera\/gure-jarduna\/eliveli-men-en-bizartegia\/","url":"https:\/\/elivelimen.webclientes.es\/eu\/hasiera\/gure-jarduna\/eliveli-men-en-bizartegia\/","name":"Eliveli men-en bizartegia - Peluquer\u00eda de caballeros en Donostia San Sebasti\u00e1n","isPartOf":{"@id":"https:\/\/elivelimen.webclientes.es\/#website"},"primaryImageOfPage":{"@id":"https:\/\/elivelimen.webclientes.es\/eu\/hasiera\/gure-jarduna\/eliveli-men-en-bizartegia\/#primaryimage"},"image":{"@id":"https:\/\/elivelimen.webclientes.es\/eu\/hasiera\/gure-jarduna\/eliveli-men-en-bizartegia\/#primaryimage"},"thumbnailUrl":"https:\/\/elivelimen.webclientes.es\/wp-content\/uploads\/2026\/01\/labarberiaelivelimendonostia.jpg","datePublished":"2026-01-15T12:19:20+00:00","dateModified":"2026-03-24T13:06:30+00:00","breadcrumb":{"@id":"https:\/\/elivelimen.webclientes.es\/eu\/hasiera\/gure-jarduna\/eliveli-men-en-bizartegia\/#breadcrumb"},"inLanguage":"eu","potentialAction":[{"@type":"ReadAction","target":["https:\/\/elivelimen.webclientes.es\/eu\/hasiera\/gure-jarduna\/eliveli-men-en-bizartegia\/"]}]},{"@type":"ImageObject","inLanguage":"eu","@id":"https:\/\/elivelimen.webclientes.es\/eu\/hasiera\/gure-jarduna\/eliveli-men-en-bizartegia\/#primaryimage","url":"https:\/\/elivelimen.webclientes.es\/wp-content\/uploads\/2026\/01\/labarberiaelivelimendonostia.jpg","contentUrl":"https:\/\/elivelimen.webclientes.es\/wp-content\/uploads\/2026\/01\/labarberiaelivelimendonostia.jpg","width":1920,"height":450,"caption":"La Barber\u00eda eliveli men en Donostia"},{"@type":"BreadcrumbList","@id":"https:\/\/elivelimen.webclientes.es\/eu\/hasiera\/gure-jarduna\/eliveli-men-en-bizartegia\/#breadcrumb","itemListElement":[{"@type":"ListItem","position":1,"name":"Hasiera","item":"https:\/\/elivelimen.webclientes.es\/eu\/hasiera\/"},{"@type":"ListItem","position":2,"name":"Gure jarduna","item":"https:\/\/elivelimen.webclientes.es\/eu\/hasiera\/gure-jarduna\/"},{"@type":"ListItem","position":3,"name":"Eliveli men-en bizartegia"}]},{"@type":"WebSite","@id":"https:\/\/elivelimen.webclientes.es\/#website","url":"https:\/\/elivelimen.webclientes.es\/","name":"Peluquer\u00eda de caballeros en Donostia San Sebasti\u00e1n","description":"Peluquer\u00eda y est\u00e9tica para hombres. Peluqueros de caballeros. Afeitado cl\u00e1sico en el barrio de Gros San Sebasti\u00e1n","alternateName":"eliveli barber","potentialAction":[{"@type":"SearchAction","target":{"@type":"EntryPoint","urlTemplate":"https:\/\/elivelimen.webclientes.es\/?s={search_term_string}"},"query-input":{"@type":"PropertyValueSpecification","valueRequired":true,"valueName":"search_term_string"}}],"inLanguage":"eu"}]}},"_links":{"self":[{"href":"https:\/\/elivelimen.webclientes.es\/eu\/wp-json\/wp\/v2\/pages\/2660","targetHints":{"allow":["GET"]}}],"collection":[{"href":"https:\/\/elivelimen.webclientes.es\/eu\/wp-json\/wp\/v2\/pages"}],"about":[{"href":"https:\/\/elivelimen.webclientes.es\/eu\/wp-json\/wp\/v2\/types\/page"}],"author":[{"embeddable":true,"href":"https:\/\/elivelimen.webclientes.es\/eu\/wp-json\/wp\/v2\/users\/1"}],"replies":[{"embeddable":true,"href":"https:\/\/elivelimen.webclientes.es\/eu\/wp-json\/wp\/v2\/comments?post=2660"}],"version-history":[{"count":2,"href":"https:\/\/elivelimen.webclientes.es\/eu\/wp-json\/wp\/v2\/pages\/2660\/revisions"}],"predecessor-version":[{"id":2662,"href":"https:\/\/elivelimen.webclientes.es\/eu\/wp-json\/wp\/v2\/pages\/2660\/revisions\/2662"}],"up":[{"embeddable":true,"href":"https:\/\/elivelimen.webclientes.es\/eu\/wp-json\/wp\/v2\/pages\/2606"}],"wp:featuredmedia":[{"embeddable":true,"href":"https:\/\/elivelimen.webclientes.es\/eu\/wp-json\/wp\/v2\/media\/2631"}],"wp:attachment":[{"href":"https:\/\/elivelimen.webclientes.es\/eu\/wp-json\/wp\/v2\/media?parent=2660"}],"curies":[{"name":"wp","href":"https:\/\/api.w.org\/{rel}","templated":true}]}}