{"id":2715,"date":"2026-01-15T10:29:49","date_gmt":"2026-01-15T09:29:49","guid":{"rendered":"https:\/\/elivelimen.webclientes.es\/hasiera\/kontaktua\/"},"modified":"2026-03-25T09:29:55","modified_gmt":"2026-03-25T08:29:55","slug":"kontaktua","status":"publish","type":"page","link":"https:\/\/elivelimen.webclientes.es\/eu\/hasiera\/kontaktua\/","title":{"rendered":"Kontaktua"},"content":{"rendered":"<p>[et_pb_section fb_built=&#8221;1&#8243; _builder_version=&#8221;4.27.5&#8243; _module_preset=&#8221;default&#8221; custom_margin=&#8221;0px|0px|0px|0px|false|false&#8221; custom_padding=&#8221;0px|0px|0px|0px|false|false&#8221; global_colors_info=&#8221;{}&#8221;][et_pb_row admin_label=&#8221;Hero&#8221; _builder_version=&#8221;4.27.5&#8243; _module_preset=&#8221;default&#8221; width=&#8221;100%&#8221; max_width=&#8221;1920px&#8221; min_height=&#8221;350.7px&#8221; custom_margin=&#8221;0px|0px|0px|0px|false|false&#8221; custom_padding=&#8221;0px|0px|0px|0px|false|false&#8221; global_colors_info=&#8221;{}&#8221;][et_pb_column type=&#8221;4_4&#8243; _builder_version=&#8221;4.27.5&#8243; _module_preset=&#8221;default&#8221; global_colors_info=&#8221;{}&#8221;][et_pb_code admin_label=&#8221;Mapa&#8221; _builder_version=&#8221;4.27.5&#8243; _module_preset=&#8221;default&#8221; global_colors_info=&#8221;{}&#8221;]<iframe src=\"https:\/\/www.google.com\/maps\/embed?pb=!1m18!1m12!1m3!1d2902.652978887518!2d-1.9776879234586509!3d43.321523373818955!2m3!1f0!2f0!3f0!3m2!1i1024!2i768!4f13.1!3m3!1m2!1s0xd51a55b31e298df%3A0x586452d166cce0a5!2seliveli%20men%20%7C%20Peluquer%C3%ADa%20Barber%C3%ADa%20Donostia!5e0!3m2!1ses!2ses!4v1771501544428!5m2!1ses!2ses\" width=\"100%\" height=\"500px\" style=\"border:0;\" allowfullscreen=\"\" loading=\"lazy\" referrerpolicy=\"no-referrer-when-downgrade\"><\/iframe>[\/et_pb_code][\/et_pb_column][\/et_pb_row][et_pb_row admin_label=&#8221;Breadcrumb&#8221; _builder_version=&#8221;4.27.5&#8243; _module_preset=&#8221;default&#8221; width=&#8221;60%&#8221; width_tablet=&#8221;80%&#8221; width_phone=&#8221;80%&#8221; width_last_edited=&#8221;on|tablet&#8221; module_alignment=&#8221;center&#8221; custom_margin=&#8221;0px|0px|0px|0px|false|false&#8221; custom_padding=&#8221;30px|0px|30px|0px|true|false&#8221; global_colors_info=&#8221;{}&#8221;][et_pb_column type=&#8221;4_4&#8243; _builder_version=&#8221;4.27.5&#8243; _module_preset=&#8221;default&#8221; global_colors_info=&#8221;{}&#8221;][et_pb_code _builder_version=&#8221;4.27.5&#8243; _module_preset=&#8221;default&#8221; text_orientation=&#8221;left&#8221; module_alignment=&#8221;left&#8221; custom_margin=&#8221;0px|0px|0px|0px|false|false&#8221; custom_padding=&#8221;0px|0px|0px|0px|false|false&#8221; global_colors_info=&#8221;{}&#8221;]<nav id=\"breadcrumbs\"><\/nav>[\/et_pb_code][\/et_pb_column][\/et_pb_row][et_pb_row admin_label=&#8221;H1&#8243; _builder_version=&#8221;4.27.5&#8243; _module_preset=&#8221;default&#8221; width=&#8221;60%&#8221; width_tablet=&#8221;80%&#8221; width_phone=&#8221;80%&#8221; width_last_edited=&#8221;on|tablet&#8221; custom_padding=&#8221;0px||||false|false&#8221; global_colors_info=&#8221;{}&#8221;][et_pb_column type=&#8221;4_4&#8243; _builder_version=&#8221;4.27.5&#8243; _module_preset=&#8221;default&#8221; global_colors_info=&#8221;{}&#8221;][et_pb_code _builder_version=&#8221;4.27.5&#8243; _module_preset=&#8221;default&#8221; text_orientation=&#8221;center&#8221; module_alignment=&#8221;center&#8221; custom_margin=&#8221;0px|0px|0px|0px|false|false&#8221; custom_padding=&#8221;0px|0px|0px|0px|false|false&#8221; custom_css_free_form=&#8221;.texto-dos-columnas {||  column-count: 2;||  column-gap: 40px;||}||&#8221; global_colors_info=&#8221;{}&#8221;][\/et_pb_code][et_pb_text _builder_version=&#8221;4.27.5&#8243; _module_preset=&#8221;default&#8221; text_orientation=&#8221;center&#8221; custom_padding=&#8221;30px||||false|false&#8221; custom_css_free_form=&#8221;||&#8221; global_colors_info=&#8221;{}&#8221;]<\/p>\n<div class=\"col-xs-12 col-sm-6\">\n<p>Badakigu pertsona bakoitza ezberdina dela, horregatik gure bezero bakoitzari estetika eta ile-apainketa arloan aholkularitza pertsonalizatua eskaintzen diogu. Teknika berritzaileenak eta egungo produkturik onenak erabiltzen ditugu gizonezkoentzako ile-apainketa eta estetikarako.<\/p>\n<\/div>\n<p>[\/et_pb_text][\/et_pb_column][\/et_pb_row][et_pb_row column_structure=&#8221;1_2,1_2&#8243; _builder_version=&#8221;4.27.5&#8243; _module_preset=&#8221;default&#8221; width=&#8221;60%&#8221; width_tablet=&#8221;80%&#8221; width_phone=&#8221;80%&#8221; width_last_edited=&#8221;on|tablet&#8221; custom_padding=&#8221;0px||100px||false|false&#8221; hover_enabled=&#8221;0&#8243; global_colors_info=&#8221;{}&#8221; custom_padding_last_edited=&#8221;on|phone&#8221; custom_padding_phone=&#8221;0px||50px||false|false&#8221; sticky_enabled=&#8221;0&#8243; custom_padding_tablet=&#8221;0px||100px||false|false&#8221;][et_pb_column type=&#8221;1_2&#8243; _builder_version=&#8221;4.27.5&#8243; _module_preset=&#8221;default&#8221; global_colors_info=&#8221;{}&#8221;][et_pb_image src=&#8221;https:\/\/elivelimen.webclientes.es\/wp-content\/uploads\/2026\/02\/eliveli_men_fachada.jpg&#8221; title_text=&#8221;eliveli_men_fachada&#8221; _builder_version=&#8221;4.27.5&#8243; _module_preset=&#8221;default&#8221; global_colors_info=&#8221;{}&#8221;][\/et_pb_image][et_pb_text _builder_version=&#8221;4.27.5&#8243; _module_preset=&#8221;default&#8221; global_colors_info=&#8221;{}&#8221;]<\/p>\n<ul>\n<li>Iparaguirre 4, 20001<\/li>\n<li>Donostia &#8211; San Sebasti\u00e1n<\/li>\n<li class=\"phone\">Tel. 943 290 623<\/li>\n<li class=\"mail\"><a href=\"mailto:info@elivelimen.com\">info@elivelimen.com<\/a><\/li>\n<\/ul>\n<p>[\/et_pb_text][et_pb_button button_url=&#8221;https:\/\/eliveli.sadpe.online\/indexRV.html?n=ELIVELI%20MEN&amp;backROL=https:\/\/www.elivelimen.com\/&#8221; button_text=&#8221;Online Hitzordua&#8221; _builder_version=&#8221;4.27.5&#8243; _module_preset=&#8221;default&#8221; global_colors_info=&#8221;{}&#8221;][\/et_pb_button][et_pb_social_media_follow _builder_version=&#8221;4.27.5&#8243; _module_preset=&#8221;default&#8221; text_orientation=&#8221;left&#8221; custom_margin=&#8221;0px||0px||false|false&#8221; custom_padding=&#8221;0px||0px||false|false&#8221; border_radii=&#8221;on|50%|50%|50%|50%&#8221; global_colors_info=&#8221;{}&#8221;][et_pb_social_media_follow_network social_network=&#8221;facebook&#8221; _builder_version=&#8221;4.27.5&#8243; _module_preset=&#8221;default&#8221; background_color=&#8221;#3b5998&#8243; global_colors_info=&#8221;{}&#8221; follow_button=&#8221;off&#8221; url_new_window=&#8221;on&#8221;]facebook[\/et_pb_social_media_follow_network][et_pb_social_media_follow_network social_network=&#8221;instagram&#8221; _builder_version=&#8221;4.27.5&#8243; _module_preset=&#8221;default&#8221; background_color=&#8221;#ea2c59&#8243; global_colors_info=&#8221;{}&#8221; follow_button=&#8221;off&#8221; url_new_window=&#8221;on&#8221;]instagram[\/et_pb_social_media_follow_network][et_pb_social_media_follow_network social_network=&#8221;youtube&#8221; _builder_version=&#8221;4.27.5&#8243; _module_preset=&#8221;default&#8221; background_color=&#8221;#a82400&#8243; global_colors_info=&#8221;{}&#8221; follow_button=&#8221;off&#8221; url_new_window=&#8221;on&#8221;]youtube[\/et_pb_social_media_follow_network][\/et_pb_social_media_follow][\/et_pb_column][et_pb_column type=&#8221;1_2&#8243; _builder_version=&#8221;4.27.5&#8243; _module_preset=&#8221;default&#8221; global_colors_info=&#8221;{}&#8221;][et_pb_contact_form _builder_version=&#8221;4.27.5&#8243; _module_preset=&#8221;default&#8221; _unique_id=&#8221;16fb1fc0-73b8-4bfc-81d2-afb072595ff9&#8243; global_colors_info=&#8221;{}&#8221;][et_pb_contact_field field_id=&#8221;Name&#8221; field_title=&#8221;Izena&#8221; _builder_version=&#8221;4.16&#8243; global_colors_info=&#8221;{}&#8221; button_text_size__hover_enabled=&#8221;off&#8221; button_one_text_size__hover_enabled=&#8221;off&#8221; button_two_text_size__hover_enabled=&#8221;off&#8221; button_text_color__hover_enabled=&#8221;off&#8221; button_one_text_color__hover_enabled=&#8221;off&#8221; button_two_text_color__hover_enabled=&#8221;off&#8221; button_border_width__hover_enabled=&#8221;off&#8221; button_one_border_width__hover_enabled=&#8221;off&#8221; button_two_border_width__hover_enabled=&#8221;off&#8221; button_border_color__hover_enabled=&#8221;off&#8221; button_one_border_color__hover_enabled=&#8221;off&#8221; button_two_border_color__hover_enabled=&#8221;off&#8221; button_border_radius__hover_enabled=&#8221;off&#8221; button_one_border_radius__hover_enabled=&#8221;off&#8221; button_two_border_radius__hover_enabled=&#8221;off&#8221; button_letter_spacing__hover_enabled=&#8221;off&#8221; button_one_letter_spacing__hover_enabled=&#8221;off&#8221; button_two_letter_spacing__hover_enabled=&#8221;off&#8221; button_bg_color__hover_enabled=&#8221;off&#8221; button_one_bg_color__hover_enabled=&#8221;off&#8221; button_two_bg_color__hover_enabled=&#8221;off&#8221;][\/et_pb_contact_field][et_pb_contact_field field_id=&#8221;Email&#8221; field_title=&#8221;Helbide elektronikoa&#8221; field_type=&#8221;email&#8221; _builder_version=&#8221;4.16&#8243; global_colors_info=&#8221;{}&#8221; button_text_size__hover_enabled=&#8221;off&#8221; button_one_text_size__hover_enabled=&#8221;off&#8221; button_two_text_size__hover_enabled=&#8221;off&#8221; button_text_color__hover_enabled=&#8221;off&#8221; button_one_text_color__hover_enabled=&#8221;off&#8221; button_two_text_color__hover_enabled=&#8221;off&#8221; button_border_width__hover_enabled=&#8221;off&#8221; button_one_border_width__hover_enabled=&#8221;off&#8221; button_two_border_width__hover_enabled=&#8221;off&#8221; button_border_color__hover_enabled=&#8221;off&#8221; button_one_border_color__hover_enabled=&#8221;off&#8221; button_two_border_color__hover_enabled=&#8221;off&#8221; button_border_radius__hover_enabled=&#8221;off&#8221; button_one_border_radius__hover_enabled=&#8221;off&#8221; button_two_border_radius__hover_enabled=&#8221;off&#8221; button_letter_spacing__hover_enabled=&#8221;off&#8221; button_one_letter_spacing__hover_enabled=&#8221;off&#8221; button_two_letter_spacing__hover_enabled=&#8221;off&#8221; button_bg_color__hover_enabled=&#8221;off&#8221; button_one_bg_color__hover_enabled=&#8221;off&#8221; button_two_bg_color__hover_enabled=&#8221;off&#8221;][\/et_pb_contact_field][et_pb_contact_field field_id=&#8221;telefono&#8221; field_title=&#8221;Telefono zenbakia&#8221; fullwidth_field=&#8221;on&#8221; _builder_version=&#8221;4.27.5&#8243; _module_preset=&#8221;default&#8221; global_colors_info=&#8221;{}&#8221;][\/et_pb_contact_field][et_pb_contact_field field_id=&#8221;asunto&#8221; field_title=&#8221;Gaia&#8221; fullwidth_field=&#8221;on&#8221; _builder_version=&#8221;4.27.5&#8243; _module_preset=&#8221;default&#8221; global_colors_info=&#8221;{}&#8221;][\/et_pb_contact_field][et_pb_contact_field field_id=&#8221;Message&#8221; field_title=&#8221;Mezua&#8221; field_type=&#8221;text&#8221; fullwidth_field=&#8221;on&#8221; _builder_version=&#8221;4.16&#8243; global_colors_info=&#8221;{}&#8221; button_text_size__hover_enabled=&#8221;off&#8221; button_one_text_size__hover_enabled=&#8221;off&#8221; button_two_text_size__hover_enabled=&#8221;off&#8221; button_text_color__hover_enabled=&#8221;off&#8221; button_one_text_color__hover_enabled=&#8221;off&#8221; button_two_text_color__hover_enabled=&#8221;off&#8221; button_border_width__hover_enabled=&#8221;off&#8221; button_one_border_width__hover_enabled=&#8221;off&#8221; button_two_border_width__hover_enabled=&#8221;off&#8221; button_border_color__hover_enabled=&#8221;off&#8221; button_one_border_color__hover_enabled=&#8221;off&#8221; button_two_border_color__hover_enabled=&#8221;off&#8221; button_border_radius__hover_enabled=&#8221;off&#8221; button_one_border_radius__hover_enabled=&#8221;off&#8221; button_two_border_radius__hover_enabled=&#8221;off&#8221; button_letter_spacing__hover_enabled=&#8221;off&#8221; button_one_letter_spacing__hover_enabled=&#8221;off&#8221; button_two_letter_spacing__hover_enabled=&#8221;off&#8221; button_bg_color__hover_enabled=&#8221;off&#8221; button_one_bg_color__hover_enabled=&#8221;off&#8221; button_two_bg_color__hover_enabled=&#8221;off&#8221;][\/et_pb_contact_field][\/et_pb_contact_form][et_pb_text _builder_version=&#8221;4.27.5&#8243; _module_preset=&#8221;default&#8221; text_font_size=&#8221;12px&#8221; global_colors_info=&#8221;{}&#8221;]<\/p>\n<p><span>EUSTAQUIO VELIS ELIZONDO Y OTRAS, C.B., como responsable del tratamiento, le informa que sus datos son recabados con la finalidad de: Recoger los datos de car\u00e1cter personal que sean obtenidos a trav\u00e9s de los formularios de contacto disponibles en la p\u00e1gina web de la empresa para atender las consultas realizadas y env\u00edo de boletines publicitarios.. La base jur\u00eddica para el tratamiento es la base legal para el tratamiento de sus datos es el consentimiento del interesado al contactar con nuestra organizaci\u00f3n. Sus datos no se ceder\u00e1n a terceros salvo obligaci\u00f3n legal. Cualquier persona tiene derecho a solicitar el acceso, rectificaci\u00f3n, supresi\u00f3n, limitaci\u00f3n del tratamiento, oposici\u00f3n o derecho a la portabilidad de sus datos personales, escribi\u00e9ndonos a la direcci\u00f3n de nuestras oficinas, indicando el derecho que desea ejercer. Puede obtener informaci\u00f3n adicional en el apartardo USUARIOS WEB de nuestra pol\u00edtica de protecci\u00f3n de datos de nuestra web.<\/span><\/p>\n<p>[\/et_pb_text][\/et_pb_column][\/et_pb_row][\/et_pb_section]<\/p>\n","protected":false},"excerpt":{"rendered":"<p><nav id=\"breadcrumbs\"><\/nav> Badakigu pertsona bakoitza ezberdina dela, horregatik gure bezero bakoitzari estetika eta ile-apainketa arloan aholkularitza pertsonalizatua eskaintzen diogu. Teknika berritzaileenak eta egungo produkturik onenak erabiltzen ditugu gizonezkoentzako ile-apainketa eta estetikarako. Iparaguirre 4, 20001 Donostia &#8211; San Sebasti\u00e1n Tel. 943 290 623 info@elivelimen.com EUSTAQUIO VELIS ELIZONDO Y OTRAS, C.B., como responsable del tratamiento, le informa que [&hellip;]<\/p>\n","protected":false},"author":1,"featured_media":0,"parent":2537,"menu_order":0,"comment_status":"closed","ping_status":"closed","template":"","meta":{"_acf_changed":false,"_et_pb_use_builder":"on","_et_pb_old_content":"","_et_gb_content_width":"","footnotes":""},"class_list":["post-2715","page","type-page","status-publish","hentry"],"acf":[],"yoast_head":"<!-- This site is optimized with the Yoast SEO plugin v27.2 - https:\/\/yoast.com\/product\/yoast-seo-wordpress\/ -->\n<title>Kontaktua - Peluquer\u00eda de caballeros en Donostia San Sebasti\u00e1n<\/title>\n<meta name=\"robots\" content=\"noindex, follow, max-snippet:-1, max-image-preview:large, max-video-preview:-1\" \/>\n<meta property=\"og:locale\" content=\"en_US\" \/>\n<meta property=\"og:type\" content=\"article\" \/>\n<meta property=\"og:title\" content=\"Kontaktua - Peluquer\u00eda de caballeros en Donostia San Sebasti\u00e1n\" \/>\n<meta property=\"og:description\" content=\"Badakigu pertsona bakoitza ezberdina dela, horregatik gure bezero bakoitzari estetika eta ile-apainketa arloan aholkularitza pertsonalizatua eskaintzen diogu. Teknika berritzaileenak eta egungo produkturik onenak erabiltzen ditugu gizonezkoentzako ile-apainketa eta estetikarako. Iparaguirre 4, 20001 Donostia - San Sebasti\u00e1n Tel. 943 290 623 info@elivelimen.com EUSTAQUIO VELIS ELIZONDO Y OTRAS, C.B., como responsable del tratamiento, le informa que [&hellip;]\" \/>\n<meta property=\"og:url\" content=\"https:\/\/elivelimen.webclientes.es\/eu\/hasiera\/kontaktua\/\" \/>\n<meta property=\"og:site_name\" content=\"Peluquer\u00eda de caballeros en Donostia San Sebasti\u00e1n\" \/>\n<meta property=\"article:modified_time\" content=\"2026-03-25T08:29:55+00:00\" \/>\n<meta name=\"twitter:card\" content=\"summary_large_image\" \/>\n<meta name=\"twitter:label1\" content=\"Est. reading time\" \/>\n\t<meta name=\"twitter:data1\" content=\"7 minutua\" \/>\n<script type=\"application\/ld+json\" class=\"yoast-schema-graph\">{\"@context\":\"https:\/\/schema.org\",\"@graph\":[{\"@type\":\"WebPage\",\"@id\":\"https:\/\/elivelimen.webclientes.es\/eu\/hasiera\/kontaktua\/\",\"url\":\"https:\/\/elivelimen.webclientes.es\/eu\/hasiera\/kontaktua\/\",\"name\":\"Kontaktua - Peluquer\u00eda de caballeros en Donostia San Sebasti\u00e1n\",\"isPartOf\":{\"@id\":\"https:\/\/elivelimen.webclientes.es\/#website\"},\"datePublished\":\"2026-01-15T09:29:49+00:00\",\"dateModified\":\"2026-03-25T08:29:55+00:00\",\"breadcrumb\":{\"@id\":\"https:\/\/elivelimen.webclientes.es\/eu\/hasiera\/kontaktua\/#breadcrumb\"},\"inLanguage\":\"eu\",\"potentialAction\":[{\"@type\":\"ReadAction\",\"target\":[\"https:\/\/elivelimen.webclientes.es\/eu\/hasiera\/kontaktua\/\"]}]},{\"@type\":\"BreadcrumbList\",\"@id\":\"https:\/\/elivelimen.webclientes.es\/eu\/hasiera\/kontaktua\/#breadcrumb\",\"itemListElement\":[{\"@type\":\"ListItem\",\"position\":1,\"name\":\"Hasiera\",\"item\":\"https:\/\/elivelimen.webclientes.es\/eu\/hasiera\/\"},{\"@type\":\"ListItem\",\"position\":2,\"name\":\"Kontaktua\"}]},{\"@type\":\"WebSite\",\"@id\":\"https:\/\/elivelimen.webclientes.es\/#website\",\"url\":\"https:\/\/elivelimen.webclientes.es\/\",\"name\":\"Peluquer\u00eda de caballeros en Donostia San Sebasti\u00e1n\",\"description\":\"Peluquer\u00eda y est\u00e9tica para hombres. Peluqueros de caballeros. Afeitado cl\u00e1sico en el barrio de Gros San Sebasti\u00e1n\",\"alternateName\":\"eliveli barber\",\"potentialAction\":[{\"@type\":\"SearchAction\",\"target\":{\"@type\":\"EntryPoint\",\"urlTemplate\":\"https:\/\/elivelimen.webclientes.es\/?s={search_term_string}\"},\"query-input\":{\"@type\":\"PropertyValueSpecification\",\"valueRequired\":true,\"valueName\":\"search_term_string\"}}],\"inLanguage\":\"eu\"}]}<\/script>\n<!-- \/ Yoast SEO plugin. -->","yoast_head_json":{"title":"Kontaktua - Peluquer\u00eda de caballeros en Donostia San Sebasti\u00e1n","robots":{"index":"noindex","follow":"follow","max-snippet":"max-snippet:-1","max-image-preview":"max-image-preview:large","max-video-preview":"max-video-preview:-1"},"og_locale":"en_US","og_type":"article","og_title":"Kontaktua - Peluquer\u00eda de caballeros en Donostia San Sebasti\u00e1n","og_description":"Badakigu pertsona bakoitza ezberdina dela, horregatik gure bezero bakoitzari estetika eta ile-apainketa arloan aholkularitza pertsonalizatua eskaintzen diogu. Teknika berritzaileenak eta egungo produkturik onenak erabiltzen ditugu gizonezkoentzako ile-apainketa eta estetikarako. Iparaguirre 4, 20001 Donostia - San Sebasti\u00e1n Tel. 943 290 623 info@elivelimen.com EUSTAQUIO VELIS ELIZONDO Y OTRAS, C.B., como responsable del tratamiento, le informa que [&hellip;]","og_url":"https:\/\/elivelimen.webclientes.es\/eu\/hasiera\/kontaktua\/","og_site_name":"Peluquer\u00eda de caballeros en Donostia San Sebasti\u00e1n","article_modified_time":"2026-03-25T08:29:55+00:00","twitter_card":"summary_large_image","twitter_misc":{"Est. reading time":"7 minutua"},"schema":{"@context":"https:\/\/schema.org","@graph":[{"@type":"WebPage","@id":"https:\/\/elivelimen.webclientes.es\/eu\/hasiera\/kontaktua\/","url":"https:\/\/elivelimen.webclientes.es\/eu\/hasiera\/kontaktua\/","name":"Kontaktua - Peluquer\u00eda de caballeros en Donostia San Sebasti\u00e1n","isPartOf":{"@id":"https:\/\/elivelimen.webclientes.es\/#website"},"datePublished":"2026-01-15T09:29:49+00:00","dateModified":"2026-03-25T08:29:55+00:00","breadcrumb":{"@id":"https:\/\/elivelimen.webclientes.es\/eu\/hasiera\/kontaktua\/#breadcrumb"},"inLanguage":"eu","potentialAction":[{"@type":"ReadAction","target":["https:\/\/elivelimen.webclientes.es\/eu\/hasiera\/kontaktua\/"]}]},{"@type":"BreadcrumbList","@id":"https:\/\/elivelimen.webclientes.es\/eu\/hasiera\/kontaktua\/#breadcrumb","itemListElement":[{"@type":"ListItem","position":1,"name":"Hasiera","item":"https:\/\/elivelimen.webclientes.es\/eu\/hasiera\/"},{"@type":"ListItem","position":2,"name":"Kontaktua"}]},{"@type":"WebSite","@id":"https:\/\/elivelimen.webclientes.es\/#website","url":"https:\/\/elivelimen.webclientes.es\/","name":"Peluquer\u00eda de caballeros en Donostia San Sebasti\u00e1n","description":"Peluquer\u00eda y est\u00e9tica para hombres. Peluqueros de caballeros. Afeitado cl\u00e1sico en el barrio de Gros San Sebasti\u00e1n","alternateName":"eliveli barber","potentialAction":[{"@type":"SearchAction","target":{"@type":"EntryPoint","urlTemplate":"https:\/\/elivelimen.webclientes.es\/?s={search_term_string}"},"query-input":{"@type":"PropertyValueSpecification","valueRequired":true,"valueName":"search_term_string"}}],"inLanguage":"eu"}]}},"_links":{"self":[{"href":"https:\/\/elivelimen.webclientes.es\/eu\/wp-json\/wp\/v2\/pages\/2715","targetHints":{"allow":["GET"]}}],"collection":[{"href":"https:\/\/elivelimen.webclientes.es\/eu\/wp-json\/wp\/v2\/pages"}],"about":[{"href":"https:\/\/elivelimen.webclientes.es\/eu\/wp-json\/wp\/v2\/types\/page"}],"author":[{"embeddable":true,"href":"https:\/\/elivelimen.webclientes.es\/eu\/wp-json\/wp\/v2\/users\/1"}],"replies":[{"embeddable":true,"href":"https:\/\/elivelimen.webclientes.es\/eu\/wp-json\/wp\/v2\/comments?post=2715"}],"version-history":[{"count":2,"href":"https:\/\/elivelimen.webclientes.es\/eu\/wp-json\/wp\/v2\/pages\/2715\/revisions"}],"predecessor-version":[{"id":2717,"href":"https:\/\/elivelimen.webclientes.es\/eu\/wp-json\/wp\/v2\/pages\/2715\/revisions\/2717"}],"up":[{"embeddable":true,"href":"https:\/\/elivelimen.webclientes.es\/eu\/wp-json\/wp\/v2\/pages\/2537"}],"wp:attachment":[{"href":"https:\/\/elivelimen.webclientes.es\/eu\/wp-json\/wp\/v2\/media?parent=2715"}],"curies":[{"name":"wp","href":"https:\/\/api.w.org\/{rel}","templated":true}]}}